{"id":8382,"date":"2024-06-20T08:10:42","date_gmt":"2024-06-20T04:10:42","guid":{"rendered":"https:\/\/caucasus.promethea-voyages.com\/?page_id=8382"},"modified":"2025-03-27T22:29:57","modified_gmt":"2025-03-27T18:29:57","slug":"sustainability-policy","status":"publish","type":"page","link":"https:\/\/caucasus.promethea-voyages.com\/fr\/sustainability-policy\/","title":{"rendered":"Politique de d\u00e9veloppement durable"},"content":{"rendered":"<div class=\"vc_row wpb_row vc_row-fluid\" ><div class=\"wpb_column vc_column_container vc_col-sm-8\"><div class=\"vc_column-inner vc_custom_1730547742134\"><div class=\"wpb_wrapper\">\n\t<div class=\"wpb_text_column wpb_content_element\" >\n\t\t<div class=\"wpb_wrapper\">\n\t\t\t<p style=\"text-align: justify;\"><strong><img loading=\"lazy\" decoding=\"async\" class=\"alignleft wp-image-8671\" style=\"margin-top: 10px;\" src=\"https:\/\/caucasus.promethea-voyages.com\/wp-content\/uploads\/2025\/03\/WhatsApp-Image-2025-03-26-at-11.55.20_cf46f261.jpg\" alt=\"\" width=\"449\" height=\"484\" srcset=\"https:\/\/caucasus.promethea-voyages.com\/wp-content\/uploads\/2025\/03\/WhatsApp-Image-2025-03-26-at-11.55.20_cf46f261.jpg 1187w, https:\/\/caucasus.promethea-voyages.com\/wp-content\/uploads\/2025\/03\/WhatsApp-Image-2025-03-26-at-11.55.20_cf46f261-278x300.jpg 278w, https:\/\/caucasus.promethea-voyages.com\/wp-content\/uploads\/2025\/03\/WhatsApp-Image-2025-03-26-at-11.55.20_cf46f261-950x1024.jpg 950w, https:\/\/caucasus.promethea-voyages.com\/wp-content\/uploads\/2025\/03\/WhatsApp-Image-2025-03-26-at-11.55.20_cf46f261-768x828.jpg 768w, https:\/\/caucasus.promethea-voyages.com\/wp-content\/uploads\/2025\/03\/WhatsApp-Image-2025-03-26-at-11.55.20_cf46f261-11x12.jpg 11w\" sizes=\"auto, (max-width: 449px) 100vw, 449px\" \/>Notre engagement pour le d\u00e9veloppement durable<\/strong><\/p>\n<p style=\"text-align: justify;\"><span style=\"font-weight: 400;\">Forte de 25 ann\u00e9es d\u2019exp\u00e9rience dans le tourisme, Promethea Voyages coop\u00e8re avec les communaut\u00e9s locales pour renforcer l\u2019\u00e9conomie du pays et contribuer activement \u00e0 l\u2019autonomisation du secteur du tourisme g\u00e9orgien.<\/span><\/p>\n<p style=\"text-align: justify;\"><span style=\"font-weight: 400;\">En constante coop\u00e9ration avec nos partenaires locaux, la conservation de la faune et de la flore est au c\u0153ur de nos pr\u00e9occupations.<\/span><\/p>\n<p style=\"text-align: justify;\"><span style=\"font-weight: 400;\">C\u2019est bien une vision globale que nous adoptons : faire d\u00e9couvrir les merveilles de la nature et de la culture que notre pays a \u00e0 offrir, dans le plus grand respect du vivant.<\/span><\/p>\n<p style=\"text-align: justify;\"><span style=\"font-weight: 400;\">Promethea Voyages travaille en toute transparence avec l\u2019ensemble de ses partenaires suivant des politiques de durabilit\u00e9 \u00e9labor\u00e9es, adopt\u00e9es et appliqu\u00e9es par tous. Nos employ\u00e9s de bureaux, tout comme nos acteurs de terrain, ont conscience de l\u2019impact de leurs actions sur l\u2019environnement. C\u2019est pourquoi nous suivons des directives durables pr\u00e9cises concernant chacune de nos activit\u00e9s : achats, transports, h\u00e9bergements, activit\u00e9s, bien-\u00eatre des animaux\u2026 Rien n\u2019est laiss\u00e9 au hasard et nous visons chaque jour \u00e0 am\u00e9liorer notre empreinte carbone et notre impact sur l\u2019environnement.<\/span><\/p>\n<p style=\"text-align: justify;\"><span style=\"font-weight: 400;\">Promethea Voyages a eu l\u2019honneur de recevoir le statut de Travelife Partner d\u00e9cern\u00e9 par Travelife et Evaneos lors de l\u2019\u00e9v\u00e9nement ITB Berlin en mars 2025. Ce statut de Travelife Partner r\u00e9compense \u00e0 l\u2019\u00e9chelle Europ\u00e9enne notre engagement pour le d\u00e9veloppement durable et notre contribution au tourisme durable.<\/span><\/p>\n<p style=\"text-align: justify;\"><span style=\"font-weight: 400;\">N\u2019h\u00e9sitez pas \u00e0 contacter Clara, notre coordinatrice de d\u00e9veloppement durable, pour toute question sur les chartes de d\u00e9veloppement durable de notre agence Promethea Voyages <\/span><\/p>\n<p style=\"text-align: justify;\"><span style=\"font-weight: 400;\">Email: <a href=\"mailto:clara@promethea-voyages.com\" target=\"_blank\" rel=\"noopener\">clara@promethea-voyages.com<\/a><\/span><\/p>\n\n\t\t<\/div>\n\t<\/div>\n<div class=\"vc_empty_space\"   style=\"height: 64px\"><span class=\"vc_empty_space_inner\"><\/span><\/div>\t\t<section class=\"tm-slider slider  default-tdt\" id=\"tdt-slider-240\" data-mobiles=\"1\" data-tabs=\"1\" data-slick='{\"arrows\": true, \"autoplaySpeed\": 2500, \"speed\": 500, \"dots\": true, \"autoplay\": true, \"slidesToShow\": 1, \"slidesToScroll\": 1, \"fade\": false}'>\r\n\t\t    \t\t<div class=\"carousel-caption\" style=\"background: none\">\r\n\t\t  <div>\r\n\t\t  \t\t\t\t\t\t\t\t<a>\r\n\t\t\t\t\t\t\t\t\t  \t<img decoding=\"async\" src=\"https:\/\/caucasus.promethea-voyages.com\/wp-content\/uploads\/2025\/03\/WhatsApp-Image-2025-03-26-at-11.55.20_54d8e4ca.jpg\" alt=\"\" class=\"ultimate-slide-img\" style=\"max-width: 100%;width:;height: 400px;border-radius: 0;margin-bottom: 15px\">\r\n\t\t\t\t\r\n\t\t\t\t<\/a>\r\n\t\t  \t<span class=\"content-section\" style=\"text-align: center;top: 0%\">\r\n\t\t\t  \t<h2 class=\"tdt-slider-heading\" style=\"font-size: 22px;color:;font-weight: normal;line-height: 1\">\r\n\t\t\t  \t\t\t\t\t  \t<\/h2>\r\n\t\t\t  \t\t\t\t  \t\r\n\t\t\t  \t<br>\r\n\r\n\t\t\t  \t\t\t\t  \t<p>&nbsp;<\/p>\r\n\t\t  \t<\/span>\r\n\t\t  <\/div>\r\n\t\t<\/div>\r\n\t\t\t\t<div class=\"carousel-caption\" style=\"background: none\">\r\n\t\t  <div>\r\n\t\t  \t\t\t\t\t\t\t\t<a>\r\n\t\t\t\t\t\t\t\t\t  \t<img decoding=\"async\" src=\"https:\/\/caucasus.promethea-voyages.com\/wp-content\/uploads\/2025\/03\/WhatsApp-Image-2025-03-26-at-11.55.20_782cb95c.jpg\" alt=\"\" class=\"ultimate-slide-img\" style=\"max-width: 100%;width:;height: 400px;border-radius: 0;margin-bottom: 15px\">\r\n\t\t\t\t\r\n\t\t\t\t<\/a>\r\n\t\t  \t<span class=\"content-section\" style=\"text-align: center;top: 0%\">\r\n\t\t\t  \t<h2 class=\"tdt-slider-heading\" style=\"font-size: 22px;color:;font-weight: normal;line-height: 1\">\r\n\t\t\t  \t\t\t\t\t  \t<\/h2>\r\n\t\t\t  \t\t\t\t  \t\r\n\t\t\t  \t<br>\r\n\r\n\t\t\t  \t\t\t\t  \t<p>&nbsp;<\/p>\r\n\t\t  \t<\/span>\r\n\t\t  <\/div>\r\n\t\t<\/div>\r\n\t\t\t\t<div class=\"carousel-caption\" style=\"background: none\">\r\n\t\t  <div>\r\n\t\t  \t\t\t\t\t\t\t\t<a>\r\n\t\t\t\t\t\t\t\t\t  \t<img decoding=\"async\" src=\"https:\/\/caucasus.promethea-voyages.com\/wp-content\/uploads\/2025\/03\/WhatsApp-Image-2025-03-26-at-11.55.20_7a2eba7a.jpg\" alt=\"\" class=\"ultimate-slide-img\" style=\"max-width: 100%;width:;height: 400px;border-radius: 0;margin-bottom: 15px\">\r\n\t\t\t\t\r\n\t\t\t\t<\/a>\r\n\t\t  \t<span class=\"content-section\" style=\"text-align: center;top: 0%\">\r\n\t\t\t  \t<h2 class=\"tdt-slider-heading\" style=\"font-size: 22px;color:;font-weight: normal;line-height: 1\">\r\n\t\t\t  \t\t\t\t\t  \t<\/h2>\r\n\t\t\t  \t\t\t\t  \t\r\n\t\t\t  \t<br>\r\n\r\n\t\t\t  \t\t\t\t  \t<p>&nbsp;<\/p>\r\n\t\t  \t<\/span>\r\n\t\t  <\/div>\r\n\t\t<\/div>\r\n\t\t\t\t<\/section>\r\n\r\n\t\t<style>\r\n\t\t\t#tdt-slider-240 .slick-slide {\r\n\t\t\t\tpadding: 0 0px !important;\r\n\t\t\t}\r\n\t\t\t\t\t\t\t#tdt-slider-240 .slick-dots li button:before{\r\n\t\t\t\t\tcolor: #000000;\r\n\t\t\t\t\tfont-size: 30px !important;\r\n\t\t\t\t\tborder: 2px solid transparent;\r\n\t\t\t\t}\r\n\t\t\t\t\t\t\t\t\t\t#tdt-slider-240 .slick-next:before, #tdt-slider-240 .slick-prev:before {\r\n\t\t\t\t\tcolor: #dd3333 !important;\r\n\t\t\t\t\tbackground: #ffffff !important;\r\n\t\t\t\t\tfont-size: 30px !important;\r\n\t\t\t\t}\r\n\t\t\t\t\t\t\t\t<\/style>\r\n\t\t<\/div><\/div><\/div><div class=\"wpb_column vc_column_container vc_col-sm-4\"><div class=\"vc_column-inner vc_custom_1730547760492\"><div class=\"wpb_wrapper\">\n\t<div  class=\"wpb_single_image wpb_content_element vc_align_left  wpb_animate_when_almost_visible wpb_fadeIn fadeIn\">\n\t\t\n\t\t<figure class=\"wpb_wrapper vc_figure\">\n\t\t\t<div class=\"vc_single_image-wrapper   vc_box_border_grey\"><img loading=\"lazy\" decoding=\"async\" width=\"2127\" height=\"827\" src=\"https:\/\/caucasus.promethea-voyages.com\/wp-content\/uploads\/2025\/02\/partner.jpg\" class=\"vc_single_image-img attachment-full\" alt=\"\" srcset=\"https:\/\/caucasus.promethea-voyages.com\/wp-content\/uploads\/2025\/02\/partner.jpg 2127w, https:\/\/caucasus.promethea-voyages.com\/wp-content\/uploads\/2025\/02\/partner-300x117.jpg 300w, https:\/\/caucasus.promethea-voyages.com\/wp-content\/uploads\/2025\/02\/partner-1024x398.jpg 1024w, https:\/\/caucasus.promethea-voyages.com\/wp-content\/uploads\/2025\/02\/partner-768x299.jpg 768w, https:\/\/caucasus.promethea-voyages.com\/wp-content\/uploads\/2025\/02\/partner-1536x597.jpg 1536w, https:\/\/caucasus.promethea-voyages.com\/wp-content\/uploads\/2025\/02\/partner-18x7.jpg 18w\" sizes=\"auto, (max-width: 2127px) 100vw, 2127px\" \/><\/div>\n\t\t<\/figure>\n\t<\/div>\n\t\t<div class=\"mega-line-container ma_heading_wrap190\">\r\n\t\t\t\t\t\t\t<div class=\"mega-line-top\" style=\"text-align: center;\">  \r\n\t\t\t        <span style=\"width: 230px; border-top: 2px solid #000000;\"><\/span>\r\n\t\t\t        <h2 style=\"font-size: 22px; color: #000000; line-height: 1.5;\t\t\t        text-transform: default; ;\">\r\n\t\t\t        \tPromethea Voyages, r\u00e9compens\u00e9e par le statut de partenaire\u00a0Travelife\t\t\t        <\/h2>\r\n\t\t\t        <div class=\"heading_desc\">\r\n\t\t\t        \t\t\t\t        <\/div>\r\n\t\t      \t<\/div>\r\n\t\t\t\r\n\t\t\t\r\n\t\t    \r\n\t\t    \r\n\t\t    \r\n\t\t          \t<\/div>\r\n\r\n      \t<style>\r\n\t\t\t.ma_heading_wrap190 .heading_desc *{\r\n\t\t\t\tfont-size: px;\r\n\t\t\t\t;\r\n\t\t\t}\r\n      \t<\/style>\r\n\t\t<div class=\"vc_empty_space\"   style=\"height: 32px\"><span class=\"vc_empty_space_inner\"><\/span><\/div>\n\t<div  class=\"wpb_single_image wpb_content_element vc_align_center  wpb_animate_when_almost_visible wpb_fadeIn fadeIn\">\n\t\t\n\t\t<figure class=\"wpb_wrapper vc_figure\">\n\t\t\t<div class=\"vc_single_image-wrapper   vc_box_border_grey\"><img loading=\"lazy\" decoding=\"async\" width=\"2560\" height=\"1440\" src=\"https:\/\/caucasus.promethea-voyages.com\/wp-content\/uploads\/2024\/02\/Svaneti-Adishi-scaled.jpg\" class=\"vc_single_image-img attachment-full\" alt=\"\" srcset=\"https:\/\/caucasus.promethea-voyages.com\/wp-content\/uploads\/2024\/02\/Svaneti-Adishi-scaled.jpg 2560w, https:\/\/caucasus.promethea-voyages.com\/wp-content\/uploads\/2024\/02\/Svaneti-Adishi-300x169.jpg 300w, https:\/\/caucasus.promethea-voyages.com\/wp-content\/uploads\/2024\/02\/Svaneti-Adishi-1024x576.jpg 1024w, https:\/\/caucasus.promethea-voyages.com\/wp-content\/uploads\/2024\/02\/Svaneti-Adishi-768x432.jpg 768w, https:\/\/caucasus.promethea-voyages.com\/wp-content\/uploads\/2024\/02\/Svaneti-Adishi-1536x864.jpg 1536w, https:\/\/caucasus.promethea-voyages.com\/wp-content\/uploads\/2024\/02\/Svaneti-Adishi-18x10.jpg 18w\" sizes=\"auto, (max-width: 2560px) 100vw, 2560px\" \/><\/div>\n\t\t<\/figure>\n\t<\/div>\n\n\t<div class=\"wpb_text_column wpb_content_element\" >\n\t\t<div class=\"wpb_wrapper\">\n\t\t\t<p><strong>Projet \u00ab un touriste \u2013 un arbre \u00bb<\/strong><u><\/u><u><\/u><\/p>\n<p>Prom\u00e9th\u00e9a voyage va plus loin dans son engagement pour la protection\nde la nature et lance le projet \u00ab UN TOURISTE \u2013 UN ARBRE \u00bb<u><\/u><u><\/u><\/p>\n<p>On compare souvent l\u2019impact climatique de planter un arbre \u00e0\nl\u2019impact d\u2019une distance parcourue en voiture ou en avion. Bien\nqu\u2019un arbre puisse effectivement absorber le CO2 \u00e9mis par la\ncombustion de l\u2019essence, la comparaison est loin d\u2019\u00eatre parfaite.\nMais c\u2019est l\u2019une des solutions efficaces pour lutter contre et les\n\u00e9missions carbone.<u><\/u><u><\/u><\/p>\n<p>Les arbres sont de formidables alli\u00e9s climatiques et seront\nessentiels \u00e0 l\u2019atteinte de la carboneutralit\u00e9  c\u2019est pour cela\nque Prom\u00e9th\u00e9a Voyages a imagin\u00e9 un projet alliant verdurisation des\nespaces scolaires de Tbilissi, reforestation des alentours et\ncompensation des \u00e9missions carbone.<u><\/u><u><\/u><\/p>\n<p>Chaque client arrivant en G\u00e9orgie en avion pourra ainsi choisir de\nplanter un arbre, dans la nature ou dans les cours des \u00e9coles\npartenaires, afin d\u2019encourager les enfants \u00e0 prendre soin de leur\nenvironnement et \u00e9galement de rendre leur environnement plus sain et\nvert.<\/p>\n\n\t\t<\/div>\n\t<\/div>\n<div class=\"vc_empty_space\"   style=\"height: 20px\"><span class=\"vc_empty_space_inner\"><\/span><\/div>\t\t\r\n\t\t<div class=\"mega_uae_btn_374\" style=\"justify-content: left; display: flex;\">\r\n\t\t\t\t\t\t\t<a href=\"https:\/\/caucasus.promethea-voyages.com\/wp-content\/uploads\/2018\/10\/1.-Politique-dachat.pdf\" target=\"_blank\" title=\"\" class=\"maw_advanced_btn hvr-fade btn_block\" style=\"color: #ffffff;background: #cf2e2e ; border: 0px solid ; border-radius: 5px; font-size: 18px; padding: 10px 25px; ;\" data-text=\"Purchasing policy\"> \r\n\t\t\t\t\t\t\t\t\t\t\tPolitique d'achat\t\t\t\t\t\t\t\t\t\t\t<i class=\"fas fa-file-pdf icon__right\"><\/i> \r\n\t\t\t\t\t\t\t\t\t<\/a>\r\n\t\t\t\t<div style=\"clear: both;\"><\/div>\r\n\t\t\t\r\n\t\t\t\r\n\t\t\t\r\n\t\t\t\r\n\t\t\t\r\n\t\t\t\t\t<\/div>\r\n\t\t<style>\r\n\t\t\t.mega_uae_btn_374 .maw_advanced_btn{\r\n\t\t\t\ttext-transform: default !important;\r\n\t\t\t\tfont-style: default !important;\r\n\t\t\t\ttext-decoration: default !important;\r\n\t\t\t\tbox-shadow: 0 10px 20px rgba(0, 0, 0, 0.3) !important;\r\n\t\t\t}\r\n\t\t\t\t\t\t\t.mega_uae_btn_374 .maw_advanced_btn .icon__right {\r\n\t\t\t\t\tfont-size: 18px !important;\r\n\t\t\t\t\tpadding-left: 5px !important;\r\n\t\t\t\t}\r\n\t\t\t\t\t\t\r\n\t\t\t.mega_uae_btn_374 .button--antiman:hover,\r\n\t\t\t.mega_uae_btn_374 .button--nuka:hover,\r\n\t\t\t.mega_uae_btn_374 .button--aylen:hover,\r\n\t\t\t.mega_uae_btn_374 .button--pipaluk:hover {\r\n\t\t\t\tcolor: #fff !important;\r\n\t\t\t}\r\n\r\n\t\t\t\t\t\t\t.mega_uae_btn_374 .hvr-fade:hover{\r\n\t\t\t\t\tbackground: #505050 !important;\r\n\t\t\t\t\tcolor: #fff !important;\r\n\t\t\t\t}\r\n\t\t\t\r\n\t\t\t\r\n\t\t\t\t\t\t\r\n\t\t\t\t\t\t\r\n\t\t\t\r\n\t\t\t\t\t\r\n\t\t\t\r\n\t\t\t\r\n\t\t\t\r\n\t\t\t\r\n\t\t\t\r\n\t\t\t\r\n\t\t\t\r\n\t\t\t\r\n\t\t\t\r\n\t\t\t\t\t<\/style>\r\n\r\n\t\t<div class=\"vc_empty_space\"   style=\"height: 20px\"><span class=\"vc_empty_space_inner\"><\/span><\/div>\t\t\r\n\t\t<div class=\"mega_uae_btn_104\" style=\"justify-content: left; display: flex;\">\r\n\t\t\t\t\t\t\t<a href=\"https:\/\/caucasus.promethea-voyages.com\/wp-content\/uploads\/2025\/01\/2.-Excursion-durable.docx.pdf\" target=\"_blank\" title=\"\" class=\"maw_advanced_btn hvr-fade btn_block\" style=\"color: #ffffff;background: #cf2e2e ; border: 0px solid ; border-radius: 5px; font-size: 18px; padding: 10px 25px; ;\" data-text=\"Excursion policy\"> \r\n\t\t\t\t\t\t\t\t\t\t\tPolitique d 'excursion durable\t\t\t\t\t\t\t\t\t\t\t<i class=\"fas fa-file-pdf icon__right\"><\/i> \r\n\t\t\t\t\t\t\t\t\t<\/a>\r\n\t\t\t\t<div style=\"clear: both;\"><\/div>\r\n\t\t\t\r\n\t\t\t\r\n\t\t\t\r\n\t\t\t\r\n\t\t\t\r\n\t\t\t\t\t<\/div>\r\n\t\t<style>\r\n\t\t\t.mega_uae_btn_104 .maw_advanced_btn{\r\n\t\t\t\ttext-transform: default !important;\r\n\t\t\t\tfont-style: default !important;\r\n\t\t\t\ttext-decoration: default !important;\r\n\t\t\t\tbox-shadow: 0 10px 20px rgba(0, 0, 0, 0.3) !important;\r\n\t\t\t}\r\n\t\t\t\t\t\t\t.mega_uae_btn_104 .maw_advanced_btn .icon__right {\r\n\t\t\t\t\tfont-size: 18px !important;\r\n\t\t\t\t\tpadding-left: 5px !important;\r\n\t\t\t\t}\r\n\t\t\t\t\t\t\r\n\t\t\t.mega_uae_btn_104 .button--antiman:hover,\r\n\t\t\t.mega_uae_btn_104 .button--nuka:hover,\r\n\t\t\t.mega_uae_btn_104 .button--aylen:hover,\r\n\t\t\t.mega_uae_btn_104 .button--pipaluk:hover {\r\n\t\t\t\tcolor: #fff !important;\r\n\t\t\t}\r\n\r\n\t\t\t\t\t\t\t.mega_uae_btn_104 .hvr-fade:hover{\r\n\t\t\t\t\tbackground: #505050 !important;\r\n\t\t\t\t\tcolor: #fff !important;\r\n\t\t\t\t}\r\n\t\t\t\r\n\t\t\t\r\n\t\t\t\t\t\t\r\n\t\t\t\t\t\t\r\n\t\t\t\r\n\t\t\t\t\t\r\n\t\t\t\r\n\t\t\t\r\n\t\t\t\r\n\t\t\t\r\n\t\t\t\r\n\t\t\t\r\n\t\t\t\r\n\t\t\t\r\n\t\t\t\r\n\t\t\t\t\t<\/style>\r\n\r\n\t\t<div class=\"vc_empty_space\"   style=\"height: 20px\"><span class=\"vc_empty_space_inner\"><\/span><\/div>\t\t\r\n\t\t<div class=\"mega_uae_btn_347\" style=\"justify-content: left; display: flex;\">\r\n\t\t\t\t\t\t\t<a href=\"https:\/\/caucasus.promethea-voyages.com\/wp-content\/uploads\/2018\/10\/3.-Hebergement-durable.pdf\" target=\"_blank\" title=\"\" class=\"maw_advanced_btn hvr-fade btn_block\" style=\"color: #ffffff;background: #cf2e2e ; border: 0px solid ; border-radius: 5px; font-size: 18px; padding: 10px 25px; ;\" data-text=\"Hosting policy\"> \r\n\t\t\t\t\t\t\t\t\t\t\tPolitique d'h\u00e9bergement\u00a0durable\t\t\t\t\t\t\t\t\t\t\t<i class=\"fas fa-file-pdf icon__right\"><\/i> \r\n\t\t\t\t\t\t\t\t\t<\/a>\r\n\t\t\t\t<div style=\"clear: both;\"><\/div>\r\n\t\t\t\r\n\t\t\t\r\n\t\t\t\r\n\t\t\t\r\n\t\t\t\r\n\t\t\t\t\t<\/div>\r\n\t\t<style>\r\n\t\t\t.mega_uae_btn_347 .maw_advanced_btn{\r\n\t\t\t\ttext-transform: default !important;\r\n\t\t\t\tfont-style: default !important;\r\n\t\t\t\ttext-decoration: default !important;\r\n\t\t\t\tbox-shadow: 0 10px 20px rgba(0, 0, 0, 0.3) !important;\r\n\t\t\t}\r\n\t\t\t\t\t\t\t.mega_uae_btn_347 .maw_advanced_btn .icon__right {\r\n\t\t\t\t\tfont-size: 18px !important;\r\n\t\t\t\t\tpadding-left: 5px !important;\r\n\t\t\t\t}\r\n\t\t\t\t\t\t\r\n\t\t\t.mega_uae_btn_347 .button--antiman:hover,\r\n\t\t\t.mega_uae_btn_347 .button--nuka:hover,\r\n\t\t\t.mega_uae_btn_347 .button--aylen:hover,\r\n\t\t\t.mega_uae_btn_347 .button--pipaluk:hover {\r\n\t\t\t\tcolor: #fff !important;\r\n\t\t\t}\r\n\r\n\t\t\t\t\t\t\t.mega_uae_btn_347 .hvr-fade:hover{\r\n\t\t\t\t\tbackground: #505050 !important;\r\n\t\t\t\t\tcolor: #fff !important;\r\n\t\t\t\t}\r\n\t\t\t\r\n\t\t\t\r\n\t\t\t\t\t\t\r\n\t\t\t\t\t\t\r\n\t\t\t\r\n\t\t\t\t\t\r\n\t\t\t\r\n\t\t\t\r\n\t\t\t\r\n\t\t\t\r\n\t\t\t\r\n\t\t\t\r\n\t\t\t\r\n\t\t\t\r\n\t\t\t\r\n\t\t\t\t\t<\/style>\r\n\r\n\t\t<div class=\"vc_empty_space\"   style=\"height: 20px\"><span class=\"vc_empty_space_inner\"><\/span><\/div>\t\t\r\n\t\t<div class=\"mega_uae_btn_108\" style=\"justify-content: left; display: flex;\">\r\n\t\t\t\t\t\t\t<a href=\"https:\/\/caucasus.promethea-voyages.com\/wp-content\/uploads\/2018\/10\/Politique-de-Durabilite-de-Promethea-Voyages.pdf\" target=\"_blank\" title=\"\" class=\"maw_advanced_btn hvr-fade btn_block\" style=\"color: #ffffff;background: #cf2e2e ; border: 0px solid ; border-radius: 5px; font-size: 18px; padding: 10px 25px; ;\" data-text=\"Sustainable development policy\"> \r\n\t\t\t\t\t\t\t\t\t\t\tPolitique de d\u00e9veloppement durable\t\t\t\t\t\t\t\t\t\t\t<i class=\"fas fa-file-pdf icon__right\"><\/i> \r\n\t\t\t\t\t\t\t\t\t<\/a>\r\n\t\t\t\t<div style=\"clear: both;\"><\/div>\r\n\t\t\t\r\n\t\t\t\r\n\t\t\t\r\n\t\t\t\r\n\t\t\t\r\n\t\t\t\t\t<\/div>\r\n\t\t<style>\r\n\t\t\t.mega_uae_btn_108 .maw_advanced_btn{\r\n\t\t\t\ttext-transform: default !important;\r\n\t\t\t\tfont-style: default !important;\r\n\t\t\t\ttext-decoration: default !important;\r\n\t\t\t\tbox-shadow: 0 10px 20px rgba(0, 0, 0, 0.3) !important;\r\n\t\t\t}\r\n\t\t\t\t\t\t\t.mega_uae_btn_108 .maw_advanced_btn .icon__right {\r\n\t\t\t\t\tfont-size: 18px !important;\r\n\t\t\t\t\tpadding-left: 5px !important;\r\n\t\t\t\t}\r\n\t\t\t\t\t\t\r\n\t\t\t.mega_uae_btn_108 .button--antiman:hover,\r\n\t\t\t.mega_uae_btn_108 .button--nuka:hover,\r\n\t\t\t.mega_uae_btn_108 .button--aylen:hover,\r\n\t\t\t.mega_uae_btn_108 .button--pipaluk:hover {\r\n\t\t\t\tcolor: #fff !important;\r\n\t\t\t}\r\n\r\n\t\t\t\t\t\t\t.mega_uae_btn_108 .hvr-fade:hover{\r\n\t\t\t\t\tbackground: #505050 !important;\r\n\t\t\t\t\tcolor: #fff !important;\r\n\t\t\t\t}\r\n\t\t\t\r\n\t\t\t\r\n\t\t\t\t\t\t\r\n\t\t\t\t\t\t\r\n\t\t\t\r\n\t\t\t\t\t\r\n\t\t\t\r\n\t\t\t\r\n\t\t\t\r\n\t\t\t\r\n\t\t\t\r\n\t\t\t\r\n\t\t\t\r\n\t\t\t\r\n\t\t\t\r\n\t\t\t\t\t<\/style>\r\n\r\n\t\t<div class=\"vc_empty_space\"   style=\"height: 20px\"><span class=\"vc_empty_space_inner\"><\/span><\/div>\t\t\r\n\t\t<div class=\"mega_uae_btn_446\" style=\"justify-content: left; display: flex;\">\r\n\t\t\t\t\t\t\t<a href=\"https:\/\/caucasus.promethea-voyages.com\/wp-content\/uploads\/2018\/10\/4.-Plan-daction-developpement-durable.pdf\" target=\"_blank\" title=\"\" class=\"maw_advanced_btn hvr-fade btn_block\" style=\"color: #ffffff;background: #cf2e2e ; border: 0px solid ; border-radius: 5px; font-size: 18px; padding: 10px 25px; ;\" data-text=\"Sustainable development action plan\"> \r\n\t\t\t\t\t\t\t\t\t\t\tPlan d'action d\u00e9veloppement durable\t\t\t\t\t\t\t\t\t\t\t<i class=\"fas fa-file-pdf icon__right\"><\/i> \r\n\t\t\t\t\t\t\t\t\t<\/a>\r\n\t\t\t\t<div style=\"clear: both;\"><\/div>\r\n\t\t\t\r\n\t\t\t\r\n\t\t\t\r\n\t\t\t\r\n\t\t\t\r\n\t\t\t\t\t<\/div>\r\n\t\t<style>\r\n\t\t\t.mega_uae_btn_446 .maw_advanced_btn{\r\n\t\t\t\ttext-transform: default !important;\r\n\t\t\t\tfont-style: default !important;\r\n\t\t\t\ttext-decoration: default !important;\r\n\t\t\t\tbox-shadow: 0 10px 20px rgba(0, 0, 0, 0.3) !important;\r\n\t\t\t}\r\n\t\t\t\t\t\t\t.mega_uae_btn_446 .maw_advanced_btn .icon__right {\r\n\t\t\t\t\tfont-size: 18px !important;\r\n\t\t\t\t\tpadding-left: 5px !important;\r\n\t\t\t\t}\r\n\t\t\t\t\t\t\r\n\t\t\t.mega_uae_btn_446 .button--antiman:hover,\r\n\t\t\t.mega_uae_btn_446 .button--nuka:hover,\r\n\t\t\t.mega_uae_btn_446 .button--aylen:hover,\r\n\t\t\t.mega_uae_btn_446 .button--pipaluk:hover {\r\n\t\t\t\tcolor: #fff !important;\r\n\t\t\t}\r\n\r\n\t\t\t\t\t\t\t.mega_uae_btn_446 .hvr-fade:hover{\r\n\t\t\t\t\tbackground: #505050 !important;\r\n\t\t\t\t\tcolor: #fff !important;\r\n\t\t\t\t}\r\n\t\t\t\r\n\t\t\t\r\n\t\t\t\t\t\t\r\n\t\t\t\t\t\t\r\n\t\t\t\r\n\t\t\t\t\t\r\n\t\t\t\r\n\t\t\t\r\n\t\t\t\r\n\t\t\t\r\n\t\t\t\r\n\t\t\t\r\n\t\t\t\r\n\t\t\t\r\n\t\t\t\r\n\t\t\t\t\t<\/style>\r\n\r\n\t\t<\/div><\/div><\/div><\/div>","protected":false},"excerpt":{"rendered":"Our commitment to sustainable development With 25 years of experience in tourism, Promethea Voyages works with local communities to strengthen the country's economy and actively contributes to the strengthening of the Georgian tourism sector. In constant collaboration with our local [...]","protected":false},"author":1,"featured_media":0,"parent":0,"menu_order":0,"comment_status":"closed","ping_status":"closed","template":"","meta":{"footnotes":""},"class_list":["post-8382","page","type-page","status-publish","hentry"],"_links":{"self":[{"href":"https:\/\/caucasus.promethea-voyages.com\/fr\/wp-json\/wp\/v2\/pages\/8382","targetHints":{"allow":["GET"]}}],"collection":[{"href":"https:\/\/caucasus.promethea-voyages.com\/fr\/wp-json\/wp\/v2\/pages"}],"about":[{"href":"https:\/\/caucasus.promethea-voyages.com\/fr\/wp-json\/wp\/v2\/types\/page"}],"author":[{"embeddable":true,"href":"https:\/\/caucasus.promethea-voyages.com\/fr\/wp-json\/wp\/v2\/users\/1"}],"replies":[{"embeddable":true,"href":"https:\/\/caucasus.promethea-voyages.com\/fr\/wp-json\/wp\/v2\/comments?post=8382"}],"version-history":[{"count":20,"href":"https:\/\/caucasus.promethea-voyages.com\/fr\/wp-json\/wp\/v2\/pages\/8382\/revisions"}],"predecessor-version":[{"id":8667,"href":"https:\/\/caucasus.promethea-voyages.com\/fr\/wp-json\/wp\/v2\/pages\/8382\/revisions\/8667"}],"wp:attachment":[{"href":"https:\/\/caucasus.promethea-voyages.com\/fr\/wp-json\/wp\/v2\/media?parent=8382"}],"curies":[{"name":"wp","href":"https:\/\/api.w.org\/{rel}","templated":true}]}}