{"id":6277,"date":"2022-04-29T06:25:07","date_gmt":"2022-04-29T02:25:07","guid":{"rendered":"http:\/\/promethea-voyages.com.mocha3037.mochahost.com\/?page_id=6277"},"modified":"2024-08-09T11:42:23","modified_gmt":"2024-08-09T07:42:23","slug":"ana-gvalia-2","status":"publish","type":"page","link":"https:\/\/caucasus.promethea-voyages.com\/fr\/ana-gvalia-2\/","title":{"rendered":"Ana Gvalia"},"content":{"rendered":"<div class=\"vc_row wpb_row vc_row-fluid\" ><div class=\"wpb_column vc_column_container vc_col-sm-8\"><div class=\"vc_column-inner\"><div class=\"wpb_wrapper\"><div class=\"qodef-elements-holder   qodef-one-column  qodef-responsive-mode-768\" ><div class=\"qodef-eh-item\"  data-item-class=\"qodef-eh-custom-6299\">\n\t<div class=\"qodef-eh-item-inner\">\n\t\t<div class=\"qodef-eh-item-content qodef-eh-custom-6299\" >\n\t\t\t\n\t<div class=\"wpb_text_column wpb_content_element\" >\n\t\t<div class=\"wpb_wrapper\">\n\t\t\t<p>Pendant ses \u00e9tudes en France, Ana Gvalia a beaucoup voyag\u00e9 en Europe et s'est passionn\u00e9e pour les d\u00e9couvertes et les voyages. Dipl\u00f4m\u00e9e en sociologie et d\u00e9veloppement social de l'Universit\u00e9 Charles de Gaulle Lille 3 et en langues \u00e9trang\u00e8res appliqu\u00e9es fran\u00e7ais-espagnol de l'Universit\u00e9 d'Etat d'Ilia, elle est ravie de pouvoir pr\u00e9senter son pays au monde entier !<\/p>\n<p>Elle s'int\u00e9resse particuli\u00e8rement \u00e0 l'\u00e9cotourisme et au tourisme durable, qui constituent actuellement un d\u00e9fi de taille, non seulement pour la G\u00e9orgie, mais aussi pour le monde entier. Ana estime que son pays est une bonne destination pour ceux qui aiment les r\u00e9serves naturelles et qui s'int\u00e9ressent \u00e0 la biodiversit\u00e9 et \u00e0 la randonn\u00e9e.<\/p>\n<p>Ana vous conseille de ne pas vous contenter de visites culturelles ou gastronomiques. En G\u00e9orgie, vous d\u00e9couvrirez des esp\u00e8ces uniques de la flore et de la faune. Pour vous ouvrir \u00e0 la nature de son pays, elle pr\u00e9parera ses conseils en fonction de vos go\u00fbts en vous sugg\u00e9rant les plus beaux endroits, notamment les merveilleux parcs et r\u00e9serves naturelles de G\u00e9orgie.<\/p>\n\n\t\t<\/div>\n\t<\/div>\n<div class=\"vc_empty_space\"   style=\"height: 70px\"><span class=\"vc_empty_space_inner\"><\/span><\/div><div class=\"vc_empty_space\"   style=\"height: 32px\"><span class=\"vc_empty_space_inner\"><\/span><\/div><div class=\"qodef-iwt clearfix  qodef-iwt-icon-left qodef-iwt-icon-tiny\">\n\t<div class=\"qodef-iwt-icon\">\n\t\t\t\t\t<a itemprop=\"url\" href=\"mailto:ana@promethea-voyages.com\" target=\"_self\">\n\t\t\t\t\t\t\t\t\t    <span class=\"qodef-icon-shortcode qodef-normal   qodef-icon-tiny\"  data-color=\"#e0232d\">\n                    <span aria-hidden=\"true\" class=\"qodef-icon-font-elegant icon_mail_alt qodef-icon-element\" style=\"color: #e0232d;font-size:14px\" ><\/span>            <\/span>\n\t\t\t\t\t\t\t\t<\/a>\n\t\t\t<\/div>\n\t<div class=\"qodef-iwt-content\" >\n\t\t\t\t\t<p class=\"qodef-iwt-title\" style=\"margin-top: 7px\">\n\t\t\t\t\t\t\t\t\t<a itemprop=\"url\" href=\"mailto:ana@promethea-voyages.com\" target=\"_self\">\n\t\t\t\t\t\t\t\t<span class=\"qodef-iwt-title-text\">ana@promethea-voyages.com<\/span>\n\t\t\t\t\t\t\t\t\t<\/a>\n\t\t\t\t\t\t\t<\/p>\n\t\t\t\t\t<\/div>\n<\/div><div class=\"vc_empty_space\"   style=\"height: 5px\"><span class=\"vc_empty_space_inner\"><\/span><\/div><div class=\"qodef-iwt clearfix  qodef-iwt-icon-left qodef-iwt-icon-tiny\">\n\t<div class=\"qodef-iwt-icon\">\n\t\t\t\t\t<a itemprop=\"url\" href=\"tel:00995322221425\" target=\"_self\">\n\t\t\t\t\t\t\t\t\t    <span class=\"qodef-icon-shortcode qodef-normal   qodef-icon-tiny\"  data-color=\"#e0232d\">\n                    <span aria-hidden=\"true\" class=\"qodef-icon-font-elegant icon_phone qodef-icon-element\" style=\"color: #e0232d;font-size:14px\" ><\/span>            <\/span>\n\t\t\t\t\t\t\t\t<\/a>\n\t\t\t<\/div>\n\t<div class=\"qodef-iwt-content\" >\n\t\t\t\t\t<p class=\"qodef-iwt-title\" style=\"margin-top: 7px\">\n\t\t\t\t\t\t\t\t\t<a itemprop=\"url\" href=\"tel:00995322221425\" target=\"_self\">\n\t\t\t\t\t\t\t\t<span class=\"qodef-iwt-title-text\">+995 (32) 2 22 14 25 \/ +995 593 25 94 20<\/span>\n\t\t\t\t\t\t\t\t\t<\/a>\n\t\t\t\t\t\t\t<\/p>\n\t\t\t\t\t<\/div>\n<\/div><div class=\"vc_empty_space\"   style=\"height: 5px\"><span class=\"vc_empty_space_inner\"><\/span><\/div><div class=\"qodef-iwt clearfix  qodef-iwt-icon-left qodef-iwt-icon-tiny\">\n\t<div class=\"qodef-iwt-icon\">\n\t\t\t\t\t<a itemprop=\"url\" href=\"https:\/\/goo.gl\/maps\/9kLdagmgPvj649kEA\" target=\"_blank\">\n\t\t\t\t\t\t\t\t\t    <span class=\"qodef-icon-shortcode qodef-normal   qodef-icon-tiny\"  data-color=\"#e0232d\">\n                    <span aria-hidden=\"true\" class=\"qodef-icon-font-elegant icon_pin_alt qodef-icon-element\" style=\"color: #e0232d;font-size:14px\" ><\/span>            <\/span>\n\t\t\t\t\t\t\t\t<\/a>\n\t\t\t<\/div>\n\t<div class=\"qodef-iwt-content\" >\n\t\t\t\t\t<p class=\"qodef-iwt-title\" style=\"margin-top: 7px\">\n\t\t\t\t\t\t\t\t\t<a itemprop=\"url\" href=\"https:\/\/goo.gl\/maps\/9kLdagmgPvj649kEA\" target=\"_blank\">\n\t\t\t\t\t\t\t\t<span class=\"qodef-iwt-title-text\">Promethea Voyages \u00e0 Tbilisi, Besiki Business Center, 4, rue Besiki 0108 Tbilisi, G\u00e9orgie<\/span>\n\t\t\t\t\t\t\t\t\t<\/a>\n\t\t\t\t\t\t\t<\/p>\n\t\t\t\t\t<\/div>\n<\/div>\t\t<\/div>\n\t<\/div>\n<\/div><\/div><\/div><\/div><\/div><div class=\"wpb_column vc_column_container vc_col-sm-4\"><div class=\"vc_column-inner\"><div class=\"wpb_wrapper\"><div class=\"qodef-elements-holder   qodef-one-column  qodef-responsive-mode-768\" ><div class=\"qodef-eh-item\"  data-item-class=\"qodef-eh-custom-7989\">\n\t<div class=\"qodef-eh-item-inner\">\n\t\t<div class=\"qodef-eh-item-content qodef-eh-custom-7989\" >\n\t\t\t<div class=\"vc_empty_space\"   style=\"height: 70px\"><span class=\"vc_empty_space_inner\"><\/span><\/div>\n\t<div  class=\"wpb_single_image wpb_content_element vc_align_left\">\n\t\t\n\t\t<figure class=\"wpb_wrapper vc_figure\">\n\t\t\t<div class=\"vc_single_image-wrapper vc_box_circle  vc_box_border_grey\"><img loading=\"lazy\" decoding=\"async\" class=\"vc_single_image-img\" src=\"https:\/\/caucasus.promethea-voyages.com\/wp-content\/uploads\/2018\/10\/Ana-gvalia-4-346x346.jpg\" width=\"346\" height=\"346\" alt=\"Ana gvalia (4)\" title=\"Ana gvalia (4)\" \/><\/div>\n\t\t<\/figure>\n\t<\/div>\n<div class=\"vc_empty_space\"   style=\"height: 70px\"><span class=\"vc_empty_space_inner\"><\/span><\/div><div  class=\"vc_toggle vc_toggle_default vc_toggle_color_default  vc_toggle_size_sm\"><div class=\"vc_toggle_title\"><h4 style=\"color: #be2026;text-align: left;font-family:Patrick Hand;font-weight:400;font-style:normal\" class=\"vc_custom_heading\" >Circuit pr\u00e9fer\u00e9<\/h4><i class=\"vc_toggle_icon\"><\/i><\/div><div class=\"vc_toggle_content\"><p><span title=\"\">Visite des parcs nationaux<\/span><\/p>\n<\/div><\/div><div  class=\"vc_toggle vc_toggle_default vc_toggle_color_default  vc_toggle_size_sm\"><div class=\"vc_toggle_title\"><h4 style=\"color: #be2026;text-align: left;font-family:Patrick Hand;font-weight:400;font-style:normal\" class=\"vc_custom_heading\" >L'endroit magique en G\u00e9orgie<\/h4><i class=\"vc_toggle_icon\"><\/i><\/div><div class=\"vc_toggle_content\"><p>Le lac Paliastomi<\/p>\n<\/div><\/div><div  class=\"vc_toggle vc_toggle_default vc_toggle_color_default  vc_toggle_size_sm\"><div class=\"vc_toggle_title\"><h4 style=\"color: #be2026;text-align: left;font-family:Patrick Hand;font-weight:400;font-style:normal\" class=\"vc_custom_heading\" >Un chef-d'\u0153uvre cr\u00e9\u00e9 par des G\u00e9orgiens\u00a0?<\/h4><i class=\"vc_toggle_icon\"><\/i><\/div><div class=\"vc_toggle_content\"><p>La polyphonie g\u00e9orgienne<\/p>\n<\/div><\/div><div  class=\"vc_toggle vc_toggle_default vc_toggle_color_default  vc_toggle_size_sm\"><div class=\"vc_toggle_title\"><h4 style=\"color: #be2026;text-align: left;font-family:Patrick Hand;font-weight:400;font-style:normal\" class=\"vc_custom_heading\" >Un dernier favori ?<\/h4><i class=\"vc_toggle_icon\"><\/i><\/div><div class=\"vc_toggle_content\"><p>L'\u00e9glise de Sapara<\/p>\n<\/div><\/div>\t\t<\/div>\n\t<\/div>\n<\/div><\/div><\/div><\/div><\/div><\/div><div class=\"vc_row wpb_row vc_row-fluid\" ><div class=\"wpb_column vc_column_container vc_col-sm-12\"><div class=\"vc_column-inner\"><div class=\"wpb_wrapper\"><div class=\"vc_empty_space\"   style=\"height: 72px\"><span class=\"vc_empty_space_inner\"><\/span><\/div><div class=\"qodef-section-title-holder\" >\n\t<div class=\"qodef-st-inner\">\n\t\t\t\t\t<span class=\"qodef-st-tagline\" style=\"color: #be2026\">\n\t\t\t\tVoyages r\u00e9command\u00e9s par Ana\t\t\t<\/span>\n\t\t\t\t\t\t\t<\/div>\n<\/div><div class=\"vc_empty_space\"   style=\"height: 24px\"><span class=\"vc_empty_space_inner\"><\/span><\/div><div class=\"qodef-tours-list-holder qodef-tours-row qodef-normal-space  qodef-info-skin-light qodef-tours-columns-4 qodef-tours-type-gallery\">\n\t\t\t\t\t\t<div class=\"qodef-tours-list-pagination-data\">\n\t\t\t\t<input type=\"hidden\" name=\"number\" value=\"8\">\n\t\t\t\t<input type=\"hidden\" name=\"order_by\" value=\"title\">\n\t\t\t\t<input type=\"hidden\" name=\"order\" value=\"ASC\">\n\t\t\t\t<input type=\"hidden\" name=\"tour_category\" value=\"cultural-tours\">\n\t\t\t\t<input type=\"hidden\" name=\"destination\" value=\"\">\n\t\t\t\t<input type=\"hidden\" name=\"thumb_size\" value=\"setsail_select_image_portrait\">\n\t\t\t\t<input type=\"hidden\" name=\"next_page\" value=\"2\">\n\t\t\t\t<input type=\"hidden\" name=\"tour_type\" value=\"gallery\">\n\t\t\t\t<input type=\"hidden\" name=\"image_size\" value=\"portrait\">\n\t\t\t\t<input type=\"hidden\" name=\"title_tag\" value=\"h4\">\n\t\t\t\t<input type=\"hidden\" name=\"text_length\" value=\"\">\n\t\t\t<\/div>\n\t\t\n\t\t\n        <div class=\"qodef-tours-list-holder-inner qodef-tours-row-inner-holder qodef-outer-space\">\n\t\t\t<div class=\"qodef-tours-list-grid-sizer\"><\/div>\n\t\t\t\t\t<div class=\"qodef-tours-gallery-item qodef-tours-row-item qodef-item-space qodef-tour-item-no-rating post-6653 tour-item type-tour-item status-publish has-post-thumbnail hentry tour-category-cultural-tours tour-category-circuits-pour-les-familles tour-category-tours-in-armenia\">\n\t\t\t<div class=\"qodef-tours-gallery-item-image-holder\">\n\t\t\t\t\t\t\n\t\t\t<div class=\"qodef-tours-gallery-item-image\">\n\t\t\t\t<img loading=\"lazy\" decoding=\"async\" width=\"650\" height=\"1300\" src=\"https:\/\/caucasus.promethea-voyages.com\/wp-content\/uploads\/2022\/07\/Etchmiadzin1-650x1300.jpg\" class=\"attachment-setsail_select_image_portrait size-setsail_select_image_portrait\" alt=\"\" \/>\t\t\t\t\n\t\t\t\t<div class=\"qodef-tours-gallery-item-content-holder\">\n\t\t\t\t\t<div class=\"qodef-tours-gallery-item-content-inner\">\n\t\t\t\t\t\t<div class=\"qodef-tours-gallery-title-holder\">\n\t\t\t\t\t\t\t<h4 class=\"qodef-tour-title\">\n\t\t\t\t\t\t\t\tL'Arm\u00e9nie \u2013 Culture et Histoire\t\t\t\t\t\t\t<\/h4>\n\t\t\t\t\t\t\t<span class=\"qodef-tours-gallery-item-price-holder\">\n\t\t\t\t\t\t\t\n\t\t<span class=\"qodef-tours-price-holder\">\n\t\t\t\t\t\t\t<span class=\"qodef-tours-item-price\">$8<\/span>\n\t\t\t\t\t\t\t\t<\/span>\n\n\t\t\t\t\t\t\t\t<\/span>\n\t\t\t\t\t\t<\/div>\n\t\t\t\t\t<\/div>\n\t\t\t\t<\/div>\n\t\t\t<\/div>\n\t\t\t<a class=\"qodef-tours-gallery-item-link\" href=\"https:\/\/caucasus.promethea-voyages.com\/fr\/tour-item\/armenia-culture-history\/\"><\/a>\n\t\t<\/div>\n\t<\/div>\t\t<div class=\"qodef-tours-gallery-item qodef-tours-row-item qodef-item-space qodef-tour-item-no-rating post-6656 tour-item type-tour-item status-publish has-post-thumbnail hentry tour-category-cultural-tours tour-category-circuits-pour-les-familles tour-category-tours-in-azerbaijan\">\n\t\t\t<div class=\"qodef-tours-gallery-item-image-holder\">\n\t\t\t\t\t\t\n\t\t\t<div class=\"qodef-tours-gallery-item-image\">\n\t\t\t\t<img loading=\"lazy\" decoding=\"async\" width=\"650\" height=\"432\" src=\"https:\/\/caucasus.promethea-voyages.com\/wp-content\/uploads\/2022\/06\/baku1-e1662719127888-650x432.jpg\" class=\"attachment-setsail_select_image_portrait size-setsail_select_image_portrait\" alt=\"\" \/>\t\t\t\t\n\t\t\t\t<div class=\"qodef-tours-gallery-item-content-holder\">\n\t\t\t\t\t<div class=\"qodef-tours-gallery-item-content-inner\">\n\t\t\t\t\t\t<div class=\"qodef-tours-gallery-title-holder\">\n\t\t\t\t\t\t\t<h4 class=\"qodef-tour-title\">\n\t\t\t\t\t\t\t\tL'escapade en Azerbaidjan\t\t\t\t\t\t\t<\/h4>\n\t\t\t\t\t\t\t<span class=\"qodef-tours-gallery-item-price-holder\">\n\t\t\t\t\t\t\t\n\t\t<span class=\"qodef-tours-price-holder\">\n\t\t\t\t\t\t\t<span class=\"qodef-tours-item-price\">$8<\/span>\n\t\t\t\t\t\t\t\t<\/span>\n\n\t\t\t\t\t\t\t\t<\/span>\n\t\t\t\t\t\t<\/div>\n\t\t\t\t\t<\/div>\n\t\t\t\t<\/div>\n\t\t\t<\/div>\n\t\t\t<a class=\"qodef-tours-gallery-item-link\" href=\"https:\/\/caucasus.promethea-voyages.com\/fr\/tour-item\/azerbaijan-getaway\/\"><\/a>\n\t\t<\/div>\n\t<\/div>\t\t<div class=\"qodef-tours-gallery-item qodef-tours-row-item qodef-item-space qodef-tour-item-no-rating post-5581 tour-item type-tour-item status-publish has-post-thumbnail hentry tour-category-cultural-tours tour-category-circuits-pour-les-familles tour-category-hiking-and-trekking tour-category-tours-in-georgia\">\n\t\t\t<div class=\"qodef-tours-gallery-item-image-holder\">\n\t\t\t\t\t\t\n\t\t\t<div class=\"qodef-tours-gallery-item-image\">\n\t\t\t\t<img loading=\"lazy\" decoding=\"async\" width=\"650\" height=\"440\" src=\"https:\/\/caucasus.promethea-voyages.com\/wp-content\/uploads\/2018\/10\/borjomi-650x440.jpg\" class=\"attachment-setsail_select_image_portrait size-setsail_select_image_portrait\" alt=\"\" \/>\t\t\t\t\n\t\t\t\t<div class=\"qodef-tours-gallery-item-content-holder\">\n\t\t\t\t\t<div class=\"qodef-tours-gallery-item-content-inner\">\n\t\t\t\t\t\t<div class=\"qodef-tours-gallery-title-holder\">\n\t\t\t\t\t\t\t<h4 class=\"qodef-tour-title\">\n\t\t\t\t\t\t\t\tD\u00e9couverte et vacances en famille\t\t\t\t\t\t\t<\/h4>\n\t\t\t\t\t\t\t<span class=\"qodef-tours-gallery-item-price-holder\">\n\t\t\t\t\t\t\t\n\t\t<span class=\"qodef-tours-price-holder\">\n\t\t\t\t\t\t\t<span class=\"qodef-tours-item-price\">$15<\/span>\n\t\t\t\t\t\t\t\t<\/span>\n\n\t\t\t\t\t\t\t\t<\/span>\n\t\t\t\t\t\t<\/div>\n\t\t\t\t\t<\/div>\n\t\t\t\t<\/div>\n\t\t\t<\/div>\n\t\t\t<a class=\"qodef-tours-gallery-item-link\" href=\"https:\/\/caucasus.promethea-voyages.com\/fr\/tour-item\/discovery-and-family-vacations\/\"><\/a>\n\t\t<\/div>\n\t<\/div>\t\t<div class=\"qodef-tours-gallery-item qodef-tours-row-item qodef-item-space qodef-tour-item-no-rating post-5562 tour-item type-tour-item status-publish has-post-thumbnail hentry tour-category-cultural-tours tour-category-circuits-pour-les-familles tour-category-tours-in-georgia\">\n\t\t\t<div class=\"qodef-tours-gallery-item-image-holder\">\n\t\t\t\t\t\t\n\t\t\t<div class=\"qodef-tours-gallery-item-image\">\n\t\t\t\t<img loading=\"lazy\" decoding=\"async\" width=\"650\" height=\"1300\" src=\"https:\/\/caucasus.promethea-voyages.com\/wp-content\/uploads\/2022\/03\/Uplistsikhe02-650x1300.jpg\" class=\"attachment-setsail_select_image_portrait size-setsail_select_image_portrait\" alt=\"\" \/>\t\t\t\t\n\t\t\t\t<div class=\"qodef-tours-gallery-item-content-holder\">\n\t\t\t\t\t<div class=\"qodef-tours-gallery-item-content-inner\">\n\t\t\t\t\t\t<div class=\"qodef-tours-gallery-title-holder\">\n\t\t\t\t\t\t\t<h4 class=\"qodef-tour-title\">\n\t\t\t\t\t\t\t\tG\u00e9orgie \u2013 Culture Et Histoire\t\t\t\t\t\t\t<\/h4>\n\t\t\t\t\t\t\t<span class=\"qodef-tours-gallery-item-price-holder\">\n\t\t\t\t\t\t\t\n\t\t<span class=\"qodef-tours-price-holder\">\n\t\t\t\t\t\t\t<span class=\"qodef-tours-item-price\">$15<\/span>\n\t\t\t\t\t\t\t\t<\/span>\n\n\t\t\t\t\t\t\t\t<\/span>\n\t\t\t\t\t\t<\/div>\n\t\t\t\t\t<\/div>\n\t\t\t\t<\/div>\n\t\t\t<\/div>\n\t\t\t<a class=\"qodef-tours-gallery-item-link\" href=\"https:\/\/caucasus.promethea-voyages.com\/fr\/tour-item\/georgia-culture-history\/\"><\/a>\n\t\t<\/div>\n\t<\/div>\t\t<div class=\"qodef-tours-gallery-item qodef-tours-row-item qodef-item-space qodef-tour-item-no-rating post-5560 tour-item type-tour-item status-publish has-post-thumbnail hentry tour-category-cultural-tours tour-category-circuits-pour-les-familles tour-category-tours-in-georgia\">\n\t\t\t<div class=\"qodef-tours-gallery-item-image-holder\">\n\t\t\t\t\t\t\n\t\t\t<div class=\"qodef-tours-gallery-item-image\">\n\t\t\t\t<img loading=\"lazy\" decoding=\"async\" width=\"650\" height=\"1300\" src=\"https:\/\/caucasus.promethea-voyages.com\/wp-content\/uploads\/2018\/10\/15.Svaneti-Ushgouli\u00a9Mariam-Papunashvili-650x1300.jpg\" class=\"attachment-setsail_select_image_portrait size-setsail_select_image_portrait\" alt=\"\" \/>\t\t\t\t\n\t\t\t\t<div class=\"qodef-tours-gallery-item-content-holder\">\n\t\t\t\t\t<div class=\"qodef-tours-gallery-item-content-inner\">\n\t\t\t\t\t\t<div class=\"qodef-tours-gallery-title-holder\">\n\t\t\t\t\t\t\t<h4 class=\"qodef-tour-title\">\n\t\t\t\t\t\t\t\tG\u00e9orgie - Des Montagnes \u00e0 la Mer\t\t\t\t\t\t\t<\/h4>\n\t\t\t\t\t\t\t<span class=\"qodef-tours-gallery-item-price-holder\">\n\t\t\t\t\t\t\t\n\t\t<span class=\"qodef-tours-price-holder\">\n\t\t\t\t\t\t\t<span class=\"qodef-tours-item-price\">$12<\/span>\n\t\t\t\t\t\t\t\t<\/span>\n\n\t\t\t\t\t\t\t\t<\/span>\n\t\t\t\t\t\t<\/div>\n\t\t\t\t\t<\/div>\n\t\t\t\t<\/div>\n\t\t\t<\/div>\n\t\t\t<a class=\"qodef-tours-gallery-item-link\" href=\"https:\/\/caucasus.promethea-voyages.com\/fr\/tour-item\/georgia-from-the-mountains-to-the-sea\/\"><\/a>\n\t\t<\/div>\n\t<\/div>\t\t<div class=\"qodef-tours-gallery-item qodef-tours-row-item qodef-item-space qodef-tour-item-no-rating post-6634 tour-item type-tour-item status-publish has-post-thumbnail hentry tour-category-cultural-tours tour-category-circuits-pour-les-familles tour-category-tours-in-georgia\">\n\t\t\t<div class=\"qodef-tours-gallery-item-image-holder\">\n\t\t\t\t\t\t\n\t\t\t<div class=\"qodef-tours-gallery-item-image\">\n\t\t\t\t<img loading=\"lazy\" decoding=\"async\" width=\"650\" height=\"1272\" src=\"https:\/\/caucasus.promethea-voyages.com\/wp-content\/uploads\/2018\/10\/gelati-650x1272.jpg\" class=\"attachment-setsail_select_image_portrait size-setsail_select_image_portrait\" alt=\"\" \/>\t\t\t\t\n\t\t\t\t<div class=\"qodef-tours-gallery-item-content-holder\">\n\t\t\t\t\t<div class=\"qodef-tours-gallery-item-content-inner\">\n\t\t\t\t\t\t<div class=\"qodef-tours-gallery-title-holder\">\n\t\t\t\t\t\t\t<h4 class=\"qodef-tour-title\">\n\t\t\t\t\t\t\t\tLong week-end en G\u00e9orgie \u2013 autour de Kutaisi\t\t\t\t\t\t\t<\/h4>\n\t\t\t\t\t\t\t<span class=\"qodef-tours-gallery-item-price-holder\">\n\t\t\t\t\t\t\t\n\t\t<span class=\"qodef-tours-price-holder\">\n\t\t\t\t\t\t\t<span class=\"qodef-tours-item-price\">$6<\/span>\n\t\t\t\t\t\t\t\t<\/span>\n\n\t\t\t\t\t\t\t\t<\/span>\n\t\t\t\t\t\t<\/div>\n\t\t\t\t\t<\/div>\n\t\t\t\t<\/div>\n\t\t\t<\/div>\n\t\t\t<a class=\"qodef-tours-gallery-item-link\" href=\"https:\/\/caucasus.promethea-voyages.com\/fr\/tour-item\/long-weekend-in-georgia-around-kutaisi\/\"><\/a>\n\t\t<\/div>\n\t<\/div>\t\t<div class=\"qodef-tours-gallery-item qodef-tours-row-item qodef-item-space qodef-tour-item-no-rating post-6638 tour-item type-tour-item status-publish has-post-thumbnail hentry tour-category-cultural-tours tour-category-circuits-pour-les-familles tour-category-tours-in-georgia\">\n\t\t\t<div class=\"qodef-tours-gallery-item-image-holder\">\n\t\t\t\t\t\t\n\t\t\t<div class=\"qodef-tours-gallery-item-image\">\n\t\t\t\t<img loading=\"lazy\" decoding=\"async\" width=\"650\" height=\"541\" src=\"https:\/\/caucasus.promethea-voyages.com\/wp-content\/uploads\/2018\/10\/le-vin-georgien-650x541.jpg\" class=\"attachment-setsail_select_image_portrait size-setsail_select_image_portrait\" alt=\"\" \/>\t\t\t\t\n\t\t\t\t<div class=\"qodef-tours-gallery-item-content-holder\">\n\t\t\t\t\t<div class=\"qodef-tours-gallery-item-content-inner\">\n\t\t\t\t\t\t<div class=\"qodef-tours-gallery-title-holder\">\n\t\t\t\t\t\t\t<h4 class=\"qodef-tour-title\">\n\t\t\t\t\t\t\t\tLong week-end en G\u00e9orgie - Culture et Vin\t\t\t\t\t\t\t<\/h4>\n\t\t\t\t\t\t\t<span class=\"qodef-tours-gallery-item-price-holder\">\n\t\t\t\t\t\t\t\n\t\t<span class=\"qodef-tours-price-holder\">\n\t\t\t\t\t\t\t<span class=\"qodef-tours-item-price\">$5<\/span>\n\t\t\t\t\t\t\t\t<\/span>\n\n\t\t\t\t\t\t\t\t<\/span>\n\t\t\t\t\t\t<\/div>\n\t\t\t\t\t<\/div>\n\t\t\t\t<\/div>\n\t\t\t<\/div>\n\t\t\t<a class=\"qodef-tours-gallery-item-link\" href=\"https:\/\/caucasus.promethea-voyages.com\/fr\/tour-item\/long-weekend-in-georgia-culture-and-wine\/\"><\/a>\n\t\t<\/div>\n\t<\/div>\t\t<div class=\"qodef-tours-gallery-item qodef-tours-row-item qodef-item-space qodef-tour-item-no-rating post-6642 tour-item type-tour-item status-publish has-post-thumbnail hentry tour-category-cultural-tours tour-category-circuits-pour-les-familles tour-category-tours-in-georgia\">\n\t\t\t<div class=\"qodef-tours-gallery-item-image-holder\">\n\t\t\t\t\t\t\n\t\t\t<div class=\"qodef-tours-gallery-item-image\">\n\t\t\t\t<img loading=\"lazy\" decoding=\"async\" width=\"650\" height=\"800\" src=\"https:\/\/caucasus.promethea-voyages.com\/wp-content\/uploads\/2018\/10\/Svetitskhoveli1-slide-NKh-1-650x800.jpg\" class=\"attachment-setsail_select_image_portrait size-setsail_select_image_portrait\" alt=\"\" \/>\t\t\t\t\n\t\t\t\t<div class=\"qodef-tours-gallery-item-content-holder\">\n\t\t\t\t\t<div class=\"qodef-tours-gallery-item-content-inner\">\n\t\t\t\t\t\t<div class=\"qodef-tours-gallery-title-holder\">\n\t\t\t\t\t\t\t<h4 class=\"qodef-tour-title\">\n\t\t\t\t\t\t\t\tLong week-end d'escapade\t\t\t\t\t\t\t<\/h4>\n\t\t\t\t\t\t\t<span class=\"qodef-tours-gallery-item-price-holder\">\n\t\t\t\t\t\t\t\n\t\t<span class=\"qodef-tours-price-holder\">\n\t\t\t\t\t\t\t<span class=\"qodef-tours-item-price\">$6<\/span>\n\t\t\t\t\t\t\t\t<\/span>\n\n\t\t\t\t\t\t\t\t<\/span>\n\t\t\t\t\t\t<\/div>\n\t\t\t\t\t<\/div>\n\t\t\t\t<\/div>\n\t\t\t<\/div>\n\t\t\t<a class=\"qodef-tours-gallery-item-link\" href=\"https:\/\/caucasus.promethea-voyages.com\/fr\/tour-item\/the-essentials-in-a-long-weekend\/\"><\/a>\n\t\t<\/div>\n\t<\/div>\t\t<\/div>\n\n\t\t\n\n\t\t<\/div><\/div><\/div><\/div><\/div>","protected":false},"excerpt":{"rendered":"6 days Duration 3\/10 Physicality Tbilisi, Kutaisi Location 1+ Age Jan-Dec Dates Want to see all the must-see sights in Georgia in just 4 days? Then this itinerary is for you! With its medieval fortresses, picturesque villages, rugged peaks and [...]","protected":false},"author":1,"featured_media":6970,"parent":0,"menu_order":0,"comment_status":"closed","ping_status":"closed","template":"","meta":{"footnotes":""},"class_list":["post-6277","page","type-page","status-publish","has-post-thumbnail","hentry"],"_links":{"self":[{"href":"https:\/\/caucasus.promethea-voyages.com\/fr\/wp-json\/wp\/v2\/pages\/6277","targetHints":{"allow":["GET"]}}],"collection":[{"href":"https:\/\/caucasus.promethea-voyages.com\/fr\/wp-json\/wp\/v2\/pages"}],"about":[{"href":"https:\/\/caucasus.promethea-voyages.com\/fr\/wp-json\/wp\/v2\/types\/page"}],"author":[{"embeddable":true,"href":"https:\/\/caucasus.promethea-voyages.com\/fr\/wp-json\/wp\/v2\/users\/1"}],"replies":[{"embeddable":true,"href":"https:\/\/caucasus.promethea-voyages.com\/fr\/wp-json\/wp\/v2\/comments?post=6277"}],"version-history":[{"count":3,"href":"https:\/\/caucasus.promethea-voyages.com\/fr\/wp-json\/wp\/v2\/pages\/6277\/revisions"}],"predecessor-version":[{"id":8436,"href":"https:\/\/caucasus.promethea-voyages.com\/fr\/wp-json\/wp\/v2\/pages\/6277\/revisions\/8436"}],"wp:featuredmedia":[{"embeddable":true,"href":"https:\/\/caucasus.promethea-voyages.com\/fr\/wp-json\/wp\/v2\/media\/6970"}],"wp:attachment":[{"href":"https:\/\/caucasus.promethea-voyages.com\/fr\/wp-json\/wp\/v2\/media?parent=6277"}],"curies":[{"name":"wp","href":"https:\/\/api.w.org\/{rel}","templated":true}]}}