{"id":6030,"date":"2022-04-25T01:14:38","date_gmt":"2022-04-24T21:14:38","guid":{"rendered":"http:\/\/promethea-voyages.com.mocha3037.mochahost.com\/?page_id=6030"},"modified":"2023-08-21T11:11:54","modified_gmt":"2023-08-21T07:11:54","slug":"mice-tourism","status":"publish","type":"page","link":"https:\/\/caucasus.promethea-voyages.com\/fr\/mice-tourism\/","title":{"rendered":"\u00c9v\u00e9nements"},"content":{"rendered":"<div class=\"vc_row wpb_row vc_row-fluid vc_custom_1651063769806 vc_row-has-fill\" ><div class=\"wpb_column vc_column_container vc_col-sm-6\"><div class=\"vc_column-inner\"><div class=\"wpb_wrapper\">\n\t<div class=\"wpb_text_column wpb_content_element\" >\n\t\t<div class=\"wpb_wrapper\">\n\t\t\t<p style=\"text-align: justify;\"><span lang=\"FR\">Notre role est d'\u00eatre un partenaire fiable et complice,  garant de la performance, \u00e0 l'\u00e9coute de vos attentes et de vos envies, contribuant \u00e0 la r\u00e9ussite de vos \u00e9v\u00e9nements.<br \/>\n<\/span><\/p>\n<p style=\"text-align: justify;\"><span lang=\"FR\">Forte de sa solide exp\u00e9rience, notre \u00e9quipe passionn\u00e9e et d\u00e9vou\u00e9e vous conseille et vous accompagne tout au long de l'organisation de vos r\u00e9unions et de vos d\u00e9placements.<br \/>\nNos chefs de projets s'appuient sur les comp\u00e9tences sp\u00e9cifiques des collaborateurs d'un r\u00e9seau de prestataires r\u00e9f\u00e9renc\u00e9s dans la r\u00e9gion, pour leur professionnalisme, leurs garanties et leur solidit\u00e9 financi\u00e8re, ainsi que sur des profils  d'experts compl\u00e9mentaires pour soumettre une offre attractive.<\/span><\/p>\n<p style=\"text-align: justify;\"><span lang=\"FR\">Nos experts mettent \u00e0 votre service leur savoir-faire, bas\u00e9 sur plus de 20 ans d'exp\u00e9rience, pour :<\/span><\/p>\n<ul style=\"text-align: justify;\">\n<li><span lang=\"FR\">Conceptualiser des services sur mesure qui r\u00e9pondent \u00e0 vos objectifs,<\/span><\/li>\n<li><span lang=\"FR\">Mettre en valeur des activit\u00e9s et des \u00e9v\u00e9nements exclusifs pour c\u00e9l\u00e9brer des moments cl\u00e9s,<\/span><\/li>\n<li><span lang=\"FR\">Cr\u00e9er des excursions inoubliables vers des destinations insolites et des exp\u00e9riences uniques, enrichir les relations et renforcer l'image de votre entreprise,<\/span><\/li>\n<li><span lang=\"FR\">Apporter des solutions personnalis\u00e9es vers des destinations parfaitement ma\u00eetris\u00e9es,<\/span><\/li>\n<li><span lang=\"FR\">Proposer une offre exclusive  int\u00e9grant les talents de nos partenaires privil\u00e9gi\u00e9s,<\/span><\/li>\n<li><span lang=\"FR\">Respecter votre cahier des charges et de contr\u00f4le des co\u00fbts,<\/span><\/li>\n<li><span lang=\"FR\">Assurer un processus rigoureux et sans faille de la logistique op\u00e9rationnelle,<\/span><\/li>\n<li><span lang=\"FR\">Garantir un service de qualit\u00e9 irr\u00e9prochable.<\/span><\/li>\n<\/ul>\n<p>&nbsp;<\/p>\n<p style=\"text-align: justify;\"><b><span lang=\"FR\">Nos engagements<\/span><\/b><br \/>\n<span lang=\"FR\">Pour nous, chaque client est unique et chaque demande est trait\u00e9e comme telle. D'une relation gagnant-gagnant na\u00eet une approche cr\u00e9ative et originale alli\u00e9e \u00e0 une r\u00e9alisation technique optimis\u00e9e par des moments de communication, d'\u00e9change, de partage et d'\u00e9motion pure.<br \/>\nNos valeurs, qui constituent un \u00e9l\u00e9ment fondamental de notre identit\u00e9, guident notre engagement quotidien aupr\u00e8s de nos clients.<\/span><\/p>\n<p>&nbsp;<\/p>\n<p style=\"text-align: justify;\"><b><span lang=\"FR\">Voyages De Motivation<\/span><\/b><br \/>\n<span lang=\"FR\">Les voyages de motivation et de r\u00e9compense, appel\u00e9s voyages \"incentives\", sont de formidables leviers pour enrichir votre communication et stimuler votre d\u00e9veloppement commercial.<br \/>\n<\/span><\/p>\n<p style=\"text-align: justify;\"><span lang=\"FR\">Nos experts con\u00e7oivent des voyages personnalis\u00e9s, \u00e0 l'image de votre entreprise\u2026 La magie op\u00e8re avec des destinations proches ou lointaines, des lieux enchanteurs, des visites originales, des d\u00e9couvertes insolites, des rencontres surprenantes pour cr\u00e9er des moments uniques, emprunts d'\u00e9motions, qui resteront grav\u00e9s dans les m\u00e9moires.<\/span><\/p>\n\n\t\t<\/div>\n\t<\/div>\n<div class=\"vc_empty_space\"   style=\"height: 32px\"><span class=\"vc_empty_space_inner\"><\/span><\/div><div class=\"vc_empty_space\"   style=\"height: 32px\"><span class=\"vc_empty_space_inner\"><\/span><\/div><\/div><\/div><\/div><div class=\"wpb_column vc_column_container vc_col-sm-6\"><div class=\"vc_column-inner\"><div class=\"wpb_wrapper\"><div class=\"qodef-image-gallery qodef-grid-list qodef-disable-bottom-space  qodef-ig-grid-type qodef-two-columns qodef-normal-space  qodef-image-behavior-zoom\">\n\t<div class=\"qodef-ig-inner qodef-outer-space\">\n\t\t\t\t\t<div class=\"qodef-ig-image qodef-item-space\">\n\t\t\t\t<div class=\"qodef-ig-image-inner\">\n\t\t\t\t\t\t\t\t\t\t\t<img loading=\"lazy\" decoding=\"async\" width=\"1920\" height=\"1434\" src=\"https:\/\/caucasus.promethea-voyages.com\/wp-content\/uploads\/2022\/04\/IMG_2191-scaled.jpg\" class=\"attachment-full size-full\" alt=\"\" srcset=\"https:\/\/caucasus.promethea-voyages.com\/wp-content\/uploads\/2022\/04\/IMG_2191-scaled.jpg 1920w, https:\/\/caucasus.promethea-voyages.com\/wp-content\/uploads\/2022\/04\/IMG_2191-300x224.jpg 300w, https:\/\/caucasus.promethea-voyages.com\/wp-content\/uploads\/2022\/04\/IMG_2191-1024x765.jpg 1024w, https:\/\/caucasus.promethea-voyages.com\/wp-content\/uploads\/2022\/04\/IMG_2191-768x574.jpg 768w, https:\/\/caucasus.promethea-voyages.com\/wp-content\/uploads\/2022\/04\/IMG_2191-1536x1147.jpg 1536w\" sizes=\"auto, (max-width: 1920px) 100vw, 1920px\" \/>\t\t\t\t\t\t\t\t\t<\/div>\n\t\t\t<\/div>\n\t\t\t\t\t<div class=\"qodef-ig-image qodef-item-space\">\n\t\t\t\t<div class=\"qodef-ig-image-inner\">\n\t\t\t\t\t\t\t\t\t\t\t<img loading=\"lazy\" decoding=\"async\" width=\"1920\" height=\"1434\" src=\"https:\/\/caucasus.promethea-voyages.com\/wp-content\/uploads\/2022\/04\/IMG_2186-scaled.jpg\" class=\"attachment-full size-full\" alt=\"\" srcset=\"https:\/\/caucasus.promethea-voyages.com\/wp-content\/uploads\/2022\/04\/IMG_2186-scaled.jpg 1920w, https:\/\/caucasus.promethea-voyages.com\/wp-content\/uploads\/2022\/04\/IMG_2186-300x224.jpg 300w, https:\/\/caucasus.promethea-voyages.com\/wp-content\/uploads\/2022\/04\/IMG_2186-1024x765.jpg 1024w, https:\/\/caucasus.promethea-voyages.com\/wp-content\/uploads\/2022\/04\/IMG_2186-768x574.jpg 768w, https:\/\/caucasus.promethea-voyages.com\/wp-content\/uploads\/2022\/04\/IMG_2186-1536x1147.jpg 1536w\" sizes=\"auto, (max-width: 1920px) 100vw, 1920px\" \/>\t\t\t\t\t\t\t\t\t<\/div>\n\t\t\t<\/div>\n\t\t\t\t\t<div class=\"qodef-ig-image qodef-item-space\">\n\t\t\t\t<div class=\"qodef-ig-image-inner\">\n\t\t\t\t\t\t\t\t\t\t\t<img loading=\"lazy\" decoding=\"async\" width=\"1920\" height=\"1434\" src=\"https:\/\/caucasus.promethea-voyages.com\/wp-content\/uploads\/2022\/04\/IMG_2185-scaled.jpg\" class=\"attachment-full size-full\" alt=\"\" srcset=\"https:\/\/caucasus.promethea-voyages.com\/wp-content\/uploads\/2022\/04\/IMG_2185-scaled.jpg 1920w, https:\/\/caucasus.promethea-voyages.com\/wp-content\/uploads\/2022\/04\/IMG_2185-300x224.jpg 300w, https:\/\/caucasus.promethea-voyages.com\/wp-content\/uploads\/2022\/04\/IMG_2185-1024x765.jpg 1024w, https:\/\/caucasus.promethea-voyages.com\/wp-content\/uploads\/2022\/04\/IMG_2185-768x574.jpg 768w, https:\/\/caucasus.promethea-voyages.com\/wp-content\/uploads\/2022\/04\/IMG_2185-1536x1147.jpg 1536w\" sizes=\"auto, (max-width: 1920px) 100vw, 1920px\" \/>\t\t\t\t\t\t\t\t\t<\/div>\n\t\t\t<\/div>\n\t\t\t\t\t<div class=\"qodef-ig-image qodef-item-space\">\n\t\t\t\t<div class=\"qodef-ig-image-inner\">\n\t\t\t\t\t\t\t\t\t\t\t<img loading=\"lazy\" decoding=\"async\" width=\"1920\" height=\"1434\" src=\"https:\/\/caucasus.promethea-voyages.com\/wp-content\/uploads\/2022\/04\/IMG_2183-scaled.jpg\" class=\"attachment-full size-full\" alt=\"\" srcset=\"https:\/\/caucasus.promethea-voyages.com\/wp-content\/uploads\/2022\/04\/IMG_2183-scaled.jpg 1920w, https:\/\/caucasus.promethea-voyages.com\/wp-content\/uploads\/2022\/04\/IMG_2183-300x224.jpg 300w, https:\/\/caucasus.promethea-voyages.com\/wp-content\/uploads\/2022\/04\/IMG_2183-1024x765.jpg 1024w, https:\/\/caucasus.promethea-voyages.com\/wp-content\/uploads\/2022\/04\/IMG_2183-768x574.jpg 768w, https:\/\/caucasus.promethea-voyages.com\/wp-content\/uploads\/2022\/04\/IMG_2183-1536x1147.jpg 1536w\" sizes=\"auto, (max-width: 1920px) 100vw, 1920px\" \/>\t\t\t\t\t\t\t\t\t<\/div>\n\t\t\t<\/div>\n\t\t\t\t\t<div class=\"qodef-ig-image qodef-item-space\">\n\t\t\t\t<div class=\"qodef-ig-image-inner\">\n\t\t\t\t\t\t\t\t\t\t\t<img loading=\"lazy\" decoding=\"async\" width=\"1920\" height=\"1434\" src=\"https:\/\/caucasus.promethea-voyages.com\/wp-content\/uploads\/2022\/04\/IMG_2156-scaled.jpg\" class=\"attachment-full size-full\" alt=\"\" srcset=\"https:\/\/caucasus.promethea-voyages.com\/wp-content\/uploads\/2022\/04\/IMG_2156-scaled.jpg 1920w, https:\/\/caucasus.promethea-voyages.com\/wp-content\/uploads\/2022\/04\/IMG_2156-300x224.jpg 300w, https:\/\/caucasus.promethea-voyages.com\/wp-content\/uploads\/2022\/04\/IMG_2156-1024x765.jpg 1024w, https:\/\/caucasus.promethea-voyages.com\/wp-content\/uploads\/2022\/04\/IMG_2156-768x574.jpg 768w, https:\/\/caucasus.promethea-voyages.com\/wp-content\/uploads\/2022\/04\/IMG_2156-1536x1147.jpg 1536w\" sizes=\"auto, (max-width: 1920px) 100vw, 1920px\" \/>\t\t\t\t\t\t\t\t\t<\/div>\n\t\t\t<\/div>\n\t\t\t\t\t<div class=\"qodef-ig-image qodef-item-space\">\n\t\t\t\t<div class=\"qodef-ig-image-inner\">\n\t\t\t\t\t\t\t\t\t\t\t<img loading=\"lazy\" decoding=\"async\" width=\"1920\" height=\"1434\" src=\"https:\/\/caucasus.promethea-voyages.com\/wp-content\/uploads\/2022\/04\/IMG_2116-scaled.jpg\" class=\"attachment-full size-full\" alt=\"\" srcset=\"https:\/\/caucasus.promethea-voyages.com\/wp-content\/uploads\/2022\/04\/IMG_2116-scaled.jpg 1920w, https:\/\/caucasus.promethea-voyages.com\/wp-content\/uploads\/2022\/04\/IMG_2116-300x224.jpg 300w, https:\/\/caucasus.promethea-voyages.com\/wp-content\/uploads\/2022\/04\/IMG_2116-1024x765.jpg 1024w, https:\/\/caucasus.promethea-voyages.com\/wp-content\/uploads\/2022\/04\/IMG_2116-768x574.jpg 768w, https:\/\/caucasus.promethea-voyages.com\/wp-content\/uploads\/2022\/04\/IMG_2116-1536x1147.jpg 1536w\" sizes=\"auto, (max-width: 1920px) 100vw, 1920px\" \/>\t\t\t\t\t\t\t\t\t<\/div>\n\t\t\t<\/div>\n\t\t\t\t\t<div class=\"qodef-ig-image qodef-item-space\">\n\t\t\t\t<div class=\"qodef-ig-image-inner\">\n\t\t\t\t\t\t\t\t\t\t\t<img loading=\"lazy\" decoding=\"async\" width=\"1920\" height=\"1275\" src=\"https:\/\/caucasus.promethea-voyages.com\/wp-content\/uploads\/2022\/04\/DSC_8562-scaled.jpg\" class=\"attachment-full size-full\" alt=\"\" srcset=\"https:\/\/caucasus.promethea-voyages.com\/wp-content\/uploads\/2022\/04\/DSC_8562-scaled.jpg 1920w, https:\/\/caucasus.promethea-voyages.com\/wp-content\/uploads\/2022\/04\/DSC_8562-300x199.jpg 300w, https:\/\/caucasus.promethea-voyages.com\/wp-content\/uploads\/2022\/04\/DSC_8562-1024x680.jpg 1024w, https:\/\/caucasus.promethea-voyages.com\/wp-content\/uploads\/2022\/04\/DSC_8562-768x510.jpg 768w, https:\/\/caucasus.promethea-voyages.com\/wp-content\/uploads\/2022\/04\/DSC_8562-1536x1020.jpg 1536w\" sizes=\"auto, (max-width: 1920px) 100vw, 1920px\" \/>\t\t\t\t\t\t\t\t\t<\/div>\n\t\t\t<\/div>\n\t\t\t\t\t<div class=\"qodef-ig-image qodef-item-space\">\n\t\t\t\t<div class=\"qodef-ig-image-inner\">\n\t\t\t\t\t\t\t\t\t\t\t<img loading=\"lazy\" decoding=\"async\" width=\"1920\" height=\"1275\" src=\"https:\/\/caucasus.promethea-voyages.com\/wp-content\/uploads\/2022\/04\/DSC_8227-scaled.jpg\" class=\"attachment-full size-full\" alt=\"\" srcset=\"https:\/\/caucasus.promethea-voyages.com\/wp-content\/uploads\/2022\/04\/DSC_8227-scaled.jpg 1920w, https:\/\/caucasus.promethea-voyages.com\/wp-content\/uploads\/2022\/04\/DSC_8227-300x199.jpg 300w, https:\/\/caucasus.promethea-voyages.com\/wp-content\/uploads\/2022\/04\/DSC_8227-1024x680.jpg 1024w, https:\/\/caucasus.promethea-voyages.com\/wp-content\/uploads\/2022\/04\/DSC_8227-768x510.jpg 768w, https:\/\/caucasus.promethea-voyages.com\/wp-content\/uploads\/2022\/04\/DSC_8227-1536x1020.jpg 1536w\" sizes=\"auto, (max-width: 1920px) 100vw, 1920px\" \/>\t\t\t\t\t\t\t\t\t<\/div>\n\t\t\t<\/div>\n\t\t\t<\/div>\n<\/div><\/div><\/div><\/div><\/div>","protected":false},"excerpt":{"rendered":"Our commitment is to be a reliable and complicit partner, force proposals and performance guarantor, listening to your expectations and your desires, contributing to the success of your events. Drawing on its solid experience, our passionate and dedicated team advises [...]","protected":false},"author":1,"featured_media":0,"parent":0,"menu_order":0,"comment_status":"closed","ping_status":"closed","template":"","meta":{"footnotes":""},"class_list":["post-6030","page","type-page","status-publish","hentry"],"_links":{"self":[{"href":"https:\/\/caucasus.promethea-voyages.com\/fr\/wp-json\/wp\/v2\/pages\/6030","targetHints":{"allow":["GET"]}}],"collection":[{"href":"https:\/\/caucasus.promethea-voyages.com\/fr\/wp-json\/wp\/v2\/pages"}],"about":[{"href":"https:\/\/caucasus.promethea-voyages.com\/fr\/wp-json\/wp\/v2\/types\/page"}],"author":[{"embeddable":true,"href":"https:\/\/caucasus.promethea-voyages.com\/fr\/wp-json\/wp\/v2\/users\/1"}],"replies":[{"embeddable":true,"href":"https:\/\/caucasus.promethea-voyages.com\/fr\/wp-json\/wp\/v2\/comments?post=6030"}],"version-history":[{"count":0,"href":"https:\/\/caucasus.promethea-voyages.com\/fr\/wp-json\/wp\/v2\/pages\/6030\/revisions"}],"wp:attachment":[{"href":"https:\/\/caucasus.promethea-voyages.com\/fr\/wp-json\/wp\/v2\/media?parent=6030"}],"curies":[{"name":"wp","href":"https:\/\/api.w.org\/{rel}","templated":true}]}}