{"id":5659,"date":"2022-03-29T21:36:42","date_gmt":"2022-03-29T21:36:42","guid":{"rendered":"http:\/\/promethea-voyages.com.mocha3037.mochahost.com\/?page_id=5659"},"modified":"2022-09-16T18:06:28","modified_gmt":"2022-09-16T14:06:28","slug":"useful-information-azerbaijan","status":"publish","type":"page","link":"https:\/\/caucasus.promethea-voyages.com\/fr\/useful-information-azerbaijan\/","title":{"rendered":"Informations utiles pour l&#039;Azerba\u00efdjan"},"content":{"rendered":"<div class=\"qodef-row-grid-section-wrapper\"  ><div class=\"qodef-row-grid-section\"><div class=\"vc_row wpb_row vc_row-fluid vc_custom_1539262338798 vc_row-o-equal-height vc_row-o-content-top vc_row-flex\" ><div class=\"wpb_column vc_column_container vc_col-sm-12 vc_col-lg-offset-0 vc_col-lg-9 vc_col-md-offset-0 vc_col-md-12 vc_col-sm-offset-0 vc_col-xs-12\"><div class=\"vc_column-inner vc_custom_1538140991253\"><div class=\"wpb_wrapper\"><div class=\"vc_row wpb_row vc_inner vc_row-fluid\" ><div class=\"wpb_column vc_column_container vc_col-sm-12 vc_col-lg-offset-0 vc_col-lg-10\"><div class=\"vc_column-inner\"><div class=\"wpb_wrapper\">\n\t<div class=\"wpb_text_column wpb_content_element\" >\n\t\t<div class=\"wpb_wrapper\">\n\t\t\t<h3>Informations utiles pour l&#039;Azerba\u00efdjan<\/h3>\n\n\t\t<\/div>\n\t<\/div>\n<div class=\"vc_empty_space\"   style=\"height: 53px\"><span class=\"vc_empty_space_inner\"><\/span><\/div><\/div><\/div><\/div><\/div><div class=\"qodef-accordion-holder qodef-ac-default  qodef-toggle qodef-ac-boxed  clearfix\">\n\t<h6 class=\"qodef-accordion-title\">\n\t<span class=\"qodef-accordion-mark\">\n\t\t<span class=\"qodef_icon_plus icon_plus\"><\/span>\n\t\t<span class=\"qodef_icon_minus icon_minus-06\"><\/span>\n\t<\/span>\n\t<span class=\"qodef-tab-title\">COMMENT ARRIVER<\/span>\n<\/h6>\n<div class=\"qodef-accordion-content\">\n\t<div class=\"qodef-accordion-content-inner\">\n\t\t\n\t<div class=\"wpb_text_column wpb_content_element\" >\n\t\t<div class=\"wpb_wrapper\">\n\t\t\t<p>Il existe de nombreuses fa\u00e7ons de venir \u00e0 l&#039;Azerba\u00efdjan: en avion, en voiture, par train ou par bateau.<\/p>\n<p><strong>1.Vols<\/strong><\/p>\n<p>Il y a 3 a\u00e9roports internationaux de l&#039;Azerba\u00efdjan:<\/p>\n<ul>\n<li><a href=\"https:\/\/www.airport.az\/\" target=\"_blank\" rel=\"noopener\" data-cke-saved-href=\"https:\/\/www.airport.az\/\">L&#039;A\u00e9roport International Heydar Aliyev<\/a><\/li>\n<li><a href=\"https:\/\/www.airportia.com\/azerbaijan\/ganja-airport\/\" target=\"_blank\" rel=\"noopener\" data-cke-saved-href=\"https:\/\/www.airportia.com\/azerbaijan\/ganja-airport\/\">L'A\u00e9roport International de Gence<\/a><\/li>\n<li><a href=\"https:\/\/www.airportia.com\/azerbaijan\/gabala-international-airport\/\" target=\"_blank\" rel=\"noopener\" data-cke-saved-href=\"https:\/\/www.airportia.com\/azerbaijan\/gabala-international-airport\/\">L'A\u00e9roport International de Kabala<\/a><\/li>\n<li><a href=\"https:\/\/www.airportia.com\/azerbaijan\/nakhchivan-airport\/\" target=\"_blank\" rel=\"noopener\" data-cke-saved-href=\"https:\/\/www.airportia.com\/azerbaijan\/nakhchivan-airport\/\">L'A\u00e9roport International de Nakhitchevan<\/a><\/li>\n<\/ul>\n<p>Diff\u00e9rentes compagnies a\u00e9riennes du monde entier ont des vols directs vers <strong>L&#039;A\u00e9roport International Heydar Aliyev (GYD)<\/strong>, qui est situ\u00e9 \u00e0 16 km du centre-ville de Bakou, capitale de l&#039;Azerba\u00efdjan.<\/p>\n<p>Au sujet de votre horaire de vol ou de votre billet de r\u00e9servation, n'h\u00e9sitez pas \u00e0 nous contacter.<\/p>\n<p><strong>2. TRAIN<\/strong><\/p>\n<p>Il est possible d&#039;entrer en Azerba\u00efdjan en train de <strong>La russie<\/strong> et \u00e0 partir de <strong>G\u00e9orgie<\/strong>:<\/p>\n<p>Tbilissi (G\u00e9orgie) \u2013 Bakou (Azerba\u00efdjan) \u2013 tous les jours \u2013 20:35 \u2013 08:50<br \/>\nBakou (Azerba\u00efdjan) \u2013 Tbilissi (G\u00e9orgie) \u2013 tous les jours \u2013 20:40 \u2013 08:55<\/p>\n<p>Moscou (Russie) \u2013 Bakou (Azerba\u00efdjan) \u2013 Moscou (Russie) \u2013 dur\u00e9e de trajet est d&#039;environ 52 heures<\/p>\n<p>Les horaire des trains ne sont pas garantis, ils peuvent changer. N'h\u00e9sitez pas \u00e0 nous contacter pour toute question relative aux horaires de votre train ou la r\u00e9servation de vos billets.<\/p>\n<p><strong>3. VOITURE<\/strong><\/p>\n<p>Vous pouvez venir \u00e0 l&#039;Azerba\u00efdjan en voiture\/autocar \u00e0 partir de tous les pays voisins \u00e0 traverser les fronti\u00e8res:<\/p>\n<p><u><strong>De la Russie<\/strong><\/u><br \/>\nFronti\u00e8re SDK (220 km de Bakou)<\/p>\n<p><u><strong>\u00c0 Partir de la  G\u00e9orgie<\/strong><\/u><br \/>\nFronti\u00e8re Balakan\/Lagodekhi (415 km de Bakou)<br \/>\nFronti\u00e8re Pont-Rouge (555 km de Bakou)<\/p>\n<p><u><strong>\u00c0 Partir De L&#039;Iran<\/strong><\/u><br \/>\nFronti\u00e8re Astara (280 km de Bakou)<br \/>\nFronti\u00e8re Bilosovar (180 km de Bakou)<\/p>\n<p>N'h\u00e9sitez pas \u00e0 nous contacter pour toute question relative aux entr\u00e9es, sorties et d\u00e9placements.<\/p>\n<p><strong>4. MER<\/strong><\/p>\n<p>Il est \u00e9galement possible d'entrer en Azerba\u00efdjan par la Mer Caspienne, du <strong>Kazakhstan<\/strong> et <strong>Du turkm\u00e9nistan<\/strong>.<br \/>\nL'horaire de navires de ferry change souvent. N'h\u00e9sitez pas \u00e0 nous contacter pour tous types de renseignements.<\/p>\n\n\t\t<\/div>\n\t<\/div>\n\t<\/div>\n<\/div><h6 class=\"qodef-accordion-title\">\n\t<span class=\"qodef-accordion-mark\">\n\t\t<span class=\"qodef_icon_plus icon_plus\"><\/span>\n\t\t<span class=\"qodef_icon_minus icon_minus-06\"><\/span>\n\t<\/span>\n\t<span class=\"qodef-tab-title\">TRANSPORT \/ SE D\u00c9PLACER<\/span>\n<\/h6>\n<div class=\"qodef-accordion-content\">\n\t<div class=\"qodef-accordion-content-inner\">\n\t\t\n\t<div class=\"wpb_text_column wpb_content_element\" >\n\t\t<div class=\"wpb_wrapper\">\n\t\t\t<p>En Azerba\u00efdjan il y a beaucoup de possibilit\u00e9 de se d\u00e9placer, \u00e0 la fois par le transport  public et le transport priv\u00e9.<\/p>\n<p><strong>TRANSFERT DE \/ VERS L&#039;A\u00c9ROPORT<\/strong><br \/>\nTransfert de l&#039;a\u00e9roport vers le centre-ville (Bakou) est possible avec les transports publics (bus (Aero Express) et taxi) ainsi que le transport priv\u00e9. Nous restons \u00e0 votre disposition dans le cas o\u00f9 vous choisissez de transport priv\u00e9.<\/p>\n<p><strong>LE TRANSPORT ENTRE LES VILLES<\/strong><br \/>\n<u><strong>Train<\/strong><\/u><br \/>\nLe r\u00e9seau ferroviaire relie les diff\u00e9rentes villes d'Azerba\u00efdjan. Contactez-nous pour plus d'informations.<\/p>\n<p><u><strong>Minibus\u00a0<\/strong><\/u><br \/>\nLes minibus relient presque tous les points de l'Azerba\u00efdjan. C'est un transport en commun moins confortable que le train mais pratique. Plusieurs stations de minibus existent \u00e0 Bakou et dans chaque ville.<\/p>\n<p><u><strong>Voiture<\/strong><\/u><br \/>\nLa location de voiture est possible en Azerba\u00efdjan.<br \/>\nN&#039;h\u00e9sitez pas \u00e0 nous contacter pour plus d&#039;informations et pour la location de voiture.<\/p>\n<p>Important! limite acceptable d'alcool\u00e9mie : 0,0 ppm. En cas d'accident, signalez-le \u00e0 la police.<\/p>\n<p><u><strong>Taxi<\/strong><\/u><br \/>\nIl est \u00e9galement possible d'utiliser le taxi pour se d\u00e9placer entre les villes. Le paiement du service de taxi est possible en esp\u00e8ces ou par carte de cr\u00e9dit en cas d'utilisation de certaines applications de taxi.<\/p>\n\n\t\t<\/div>\n\t<\/div>\n\t<\/div>\n<\/div><h6 class=\"qodef-accordion-title\">\n\t<span class=\"qodef-accordion-mark\">\n\t\t<span class=\"qodef_icon_plus icon_plus\"><\/span>\n\t\t<span class=\"qodef_icon_minus icon_minus-06\"><\/span>\n\t<\/span>\n\t<span class=\"qodef-tab-title\">FORMALIT\u00c9 D&#039;ENTR\u00c9E \/ VISA<\/span>\n<\/h6>\n<div class=\"qodef-accordion-content\">\n\t<div class=\"qodef-accordion-content-inner\">\n\t\t\n\t<div class=\"wpb_text_column wpb_content_element\" >\n\t\t<div class=\"wpb_wrapper\">\n\t\t\t<p>Les personnes qui souhaitent visiter l'Azerba\u00efdjan peut obtenir un visa \u00e9lectronique (\u201cE-Visa\u201d) en ligne via le <a href=\"https:\/\/evisa.gov.az\/en\/\" target=\"_blank\" rel=\"noopener\" data-cke-saved-href=\"https:\/\/evisa.gov.az\/en\/\">\u201cASAN VIZA\u201d - portail insitutionnel de l'azerba\u00efdjan<\/a>.<\/p>\n<p>Nous sommes \u00e0 votre disposition pour vous aider dans vos efforts administratifs<\/p>\n<p>Avertissement! Entr\u00e9e en Azerba\u00efdjan, est strictement interdite pour les personnes titulaires d&#039;un visa d\u00e9livr\u00e9 par les autorit\u00e9s de facto du Haut-Karabagh ou d&#039;un timbre indiquant un s\u00e9jour dans le Haut-Karabakh ou dans l&#039;une des sept r\u00e9gions occup\u00e9es de l&#039;Azerba\u00efdjan. Ces personnes sont confront\u00e9es \u00e0 un risque d&#039;arrestation imm\u00e9diate pour entr\u00e9e ill\u00e9gale dans le pays.<\/p>\n\n\t\t<\/div>\n\t<\/div>\n\t<\/div>\n<\/div><h6 class=\"qodef-accordion-title\">\n\t<span class=\"qodef-accordion-mark\">\n\t\t<span class=\"qodef_icon_plus icon_plus\"><\/span>\n\t\t<span class=\"qodef_icon_minus icon_minus-06\"><\/span>\n\t<\/span>\n\t<span class=\"qodef-tab-title\">SANT\u00c9<\/span>\n<\/h6>\n<div class=\"qodef-accordion-content\">\n\t<div class=\"qodef-accordion-content-inner\">\n\t\t\n\t<div class=\"wpb_text_column wpb_content_element\" >\n\t\t<div class=\"wpb_wrapper\">\n\t\t\t<p><strong>Les vaccinations<\/strong><br \/>\nIl n'y a pas de  vaccines  obligatoires pour Azerbaijan.<br \/>\nPour les vaccinations recommand\u00e9es, visitez <a href=\"https:\/\/www.pasteur.fr\/fr\/centre-medical\/preparer-son-voyage\/azerbaidjan\" target=\"_blank\" rel=\"noopener\" data-cke-saved-href=\"https:\/\/www.pasteur.fr\/fr\/centre-medical\/preparer-son-voyage\/azerbaidjan\">la page web de l'Institut Pasteur<\/a>.<\/p>\n<p><strong>Service m\u00e9dical d&#039;urgence: 103<\/strong><\/p>\n\n\t\t<\/div>\n\t<\/div>\n\t<\/div>\n<\/div><h6 class=\"qodef-accordion-title\">\n\t<span class=\"qodef-accordion-mark\">\n\t\t<span class=\"qodef_icon_plus icon_plus\"><\/span>\n\t\t<span class=\"qodef_icon_minus icon_minus-06\"><\/span>\n\t<\/span>\n\t<span class=\"qodef-tab-title\">FINANCES<\/span>\n<\/h6>\n<div class=\"qodef-accordion-content\">\n\t<div class=\"qodef-accordion-content-inner\">\n\t\t\n\t<div class=\"wpb_text_column wpb_content_element\" >\n\t\t<div class=\"wpb_wrapper\">\n\t\t\t<p><strong>Taux de change<\/strong><br \/>\n1 AZN (manat az\u00e9ri) = 100 q\u0259pik<br \/>\n1 EURO = 1.0959 AZN (25\/09\/2020)<br \/>\n1 USD = 0.7939 AZN (25\/09\/2020)<\/p>\n<p><strong>L&#039;\u00e9change<\/strong><br \/>\nIl est tr\u00e8s facile de changer la monnaie, dans de nombreux bureaux de change situ\u00e9s dans les grandes villes.<br \/>\nAttention : n'apportez que des billets en bon \u00e9tat, sinon ils peuvent \u00eatre refus\u00e9s.<br \/>\nIl existe \u00e9galement de nombreux distributeurs dans lesquels vous pouvez directement retirer de l'argent.<br \/>\nLes bureaux de change sont ouverts 24h \/ 7j dans les a\u00e9roports.<\/p>\n<p><strong>Les banques<\/strong><br \/>\nLes banques op\u00e8rent en Azerba\u00efdjan, du lundi au vendredi de 10:00 \u00e0 18:00 et samedi de 10:00 \u00e0 14:00. Chaque banque a au moins un bureau  qui fonctionne 24 heures \/ 7 jours. T\u00e9l\u00e9phone\/consultation en ligne est possible aussi 24\/7.<\/p>\n\n\t\t<\/div>\n\t<\/div>\n\t<\/div>\n<\/div><h6 class=\"qodef-accordion-title\">\n\t<span class=\"qodef-accordion-mark\">\n\t\t<span class=\"qodef_icon_plus icon_plus\"><\/span>\n\t\t<span class=\"qodef_icon_minus icon_minus-06\"><\/span>\n\t<\/span>\n\t<span class=\"qodef-tab-title\">FUSEAU HORAIRE et JOURS FERIES<\/span>\n<\/h6>\n<div class=\"qodef-accordion-content\">\n\t<div class=\"qodef-accordion-content-inner\">\n\t\t\n\t<div class=\"wpb_text_column wpb_content_element\" >\n\t\t<div class=\"wpb_wrapper\">\n\t\t\t<p>L&#039;azerba\u00efdjan est en GMT zone + 4h.<br \/>\nPar rapport \u00e0 l&#039;Europe, il existe une diff\u00e9rence de + 2 heures.<\/p>\n<p><strong>Heures d'ouverture:\u00a0<\/strong>Les heures officielles de travail en Azerba\u00efdjan:  \u00e0 partir de 10:00 \u00e0 18:00, du lundi au vendredi.<\/p>\n\n\t\t<\/div>\n\t<\/div>\n\t<\/div>\n<\/div><h6 class=\"qodef-accordion-title\">\n\t<span class=\"qodef-accordion-mark\">\n\t\t<span class=\"qodef_icon_plus icon_plus\"><\/span>\n\t\t<span class=\"qodef_icon_minus icon_minus-06\"><\/span>\n\t<\/span>\n\t<span class=\"qodef-tab-title\">COMMUNICATION<\/span>\n<\/h6>\n<div class=\"qodef-accordion-content\">\n\t<div class=\"qodef-accordion-content-inner\">\n\t\t\n\t<div class=\"wpb_text_column wpb_content_element\" >\n\t\t<div class=\"wpb_wrapper\">\n\t\t\t<p><strong>Police: 102<br \/>\nService m\u00e9dical d&#039;urgence: 103<br \/>\nD&#039;incendie et de sauvetage: 101<\/strong><\/p>\n<p><strong>Les appels t\u00e9l\u00e9phoniques<\/strong><br \/>\n<strong>\u00c0 l'appel \u00e0 l'Azerba\u00efdjan \u00e0 partir de l'\u00e9tranger:<\/strong><br \/>\n1 \u2013 composez le code du pays + 994<br \/>\n2 \u2013 composez l&#039;indicatif de la ville (12 pour Bakou, par exemple) ou de l&#039;op\u00e9rateur de t\u00e9l\u00e9phonie mobile (55 Bakcel, etc.)<br \/>\n3 \u2013 composez le num\u00e9ro de votre correspondant<\/p>\n<p><strong>Code des Grandes Villes en Azerba\u00efdjan:<\/strong><\/p>\n<ul>\n<li>Bakou : 12<\/li>\n<li>Gobustan : 150<\/li>\n<li>Guba : 169<\/li>\n<li>Nakhitchevan : 136<\/li>\n<li>Shamaha : 176<\/li>\n<li>Chaki : 177<\/li>\n<\/ul>\n<p><strong>Pour appeler \u00e0 l&#039;\u00e9tranger \u00e0 partir de l&#039;Azerba\u00efdjan:<\/strong><br \/>\n1 \u2013 composez le num\u00e9ro pour les appels internationaux (00)<br \/>\n2 \u2013 composez le code du pays (33 pour la France, par exemple)<\/p>\n<p><strong>Internet<\/strong><\/p>\n<p>Dans les h\u00f4tels et restaurants, il n'y a en g\u00e9n\u00e9ral  la connexion internet de haute qualit\u00e9. Dans la rue (dans les parcs et dans les zones touristiques) de Bakou, il y a une connexion Wi-Fi gratuite, qui peut \u00eatre utilis\u00e9 en cas d'urgence.<br \/>\nLe domaine des pays est .az.<\/p>\n\n\t\t<\/div>\n\t<\/div>\n\t<\/div>\n<\/div><h6 class=\"qodef-accordion-title\">\n\t<span class=\"qodef-accordion-mark\">\n\t\t<span class=\"qodef_icon_plus icon_plus\"><\/span>\n\t\t<span class=\"qodef_icon_minus icon_minus-06\"><\/span>\n\t<\/span>\n\t<span class=\"qodef-tab-title\">LANGUES<\/span>\n<\/h6>\n<div class=\"qodef-accordion-content\">\n\t<div class=\"qodef-accordion-content-inner\">\n\t\t\n\t<div class=\"wpb_text_column wpb_content_element\" >\n\t\t<div class=\"wpb_wrapper\">\n\t\t\t<p>La langue officielle en Azerba\u00efdjan est l' <strong>Azeri.<\/strong> La langue R<strong>usse <\/strong>est \u00e9galement parl\u00e9e dans le pays.<\/p>\n\n\t\t<\/div>\n\t<\/div>\n\t<\/div>\n<\/div><h6 class=\"qodef-accordion-title\">\n\t<span class=\"qodef-accordion-mark\">\n\t\t<span class=\"qodef_icon_plus icon_plus\"><\/span>\n\t\t<span class=\"qodef_icon_minus icon_minus-06\"><\/span>\n\t<\/span>\n\t<span class=\"qodef-tab-title\">POPULATION LOCALE<\/span>\n<\/h6>\n<div class=\"qodef-accordion-content\">\n\t<div class=\"qodef-accordion-content-inner\">\n\t\t\n\t<div class=\"wpb_text_column wpb_content_element\" >\n\t\t<div class=\"wpb_wrapper\">\n\t\t\t<p><strong>D\u00e9mographie<\/strong><br \/>\nTotal de la population de l&#039;Azerba\u00efdjan est 9,981,000 (2019).<br \/>\nLa majorit\u00e9 sont des Az\u00e9ris (91.6%), les Lezguiens (2%), les Russes (1.3%), les Arm\u00e9niens (1.3%), Talich (1,3%) et autres (2.4%).<\/p>\n\n\t\t<\/div>\n\t<\/div>\n\t<\/div>\n<\/div><h6 class=\"qodef-accordion-title\">\n\t<span class=\"qodef-accordion-mark\">\n\t\t<span class=\"qodef_icon_plus icon_plus\"><\/span>\n\t\t<span class=\"qodef_icon_minus icon_minus-06\"><\/span>\n\t<\/span>\n\t<span class=\"qodef-tab-title\">LES BONNES MANI\u00c8RES<\/span>\n<\/h6>\n<div class=\"qodef-accordion-content\">\n\t<div class=\"qodef-accordion-content-inner\">\n\t\t\n\t<div class=\"wpb_text_column wpb_content_element\" >\n\t\t<div class=\"wpb_wrapper\">\n\t\t\t<p><strong>Conseils<\/strong><\/p>\n<p>Dans de nombreux restaurants, les clients sont tenus de laisser de 5 \u00e0 10% de la somme; si ce n'est pas indiqu\u00e9 dans le menu, vous pouvez ajouter 10% de la facture (le faire \u00e0 l'avance peut parfois acc\u00e9l\u00e9rer le service).<\/p>\n<p>Vous pouvez donner  aux porteurs \u00e0 l'a\u00e9roport et \u00e0 l'h\u00f4tel de 5 \u00e0 10 manat, selon la taille et le nombre  de vos bagages.<\/p>\n<p>Les passagers ne sont pas cens\u00e9s donner de pourboire aux chauffeurs de taxi et il est recommand\u00e9 de n\u00e9gocier le tarif \u00e0 l'avance (les chauffeurs de taxi n'acceptent g\u00e9n\u00e9ralement pas les devises \u00e9trang\u00e8res).<\/p>\n<p>La n\u00e9gociation peut \u00eatre utile n'importe o\u00f9, en particulier dans les magasins priv\u00e9s  - avec de bonnes comp\u00e9tences en n\u00e9gociation, il ne devrait pas \u00eatre trop difficile de r\u00e9duire le prix de moiti\u00e9.<\/p>\n<p><strong>Tension<\/strong><\/p>\n<p>La tension fournie est de 220\/240 V\/60 Hz. Les prises standard sont des prises de type C \u00e0 deux broches. Le syst\u00e8me de mesure est le syst\u00e8me m\u00e9trique.<\/p>\n<p><strong>V\u00eatements\u00a0<\/strong><\/p>\n<p>Les femmes doivent avoir un foulard pour la visite des mosqu\u00e9es en Azerba\u00efdjan et les genoux couverts.<\/p>\n<p><strong>Autres informations<\/strong><\/p>\n<p>Les  Azerba\u00efdjanais ont tendance \u00e0 \u00eatre quelque peu r\u00e9serv\u00e9s et \u00e0 parler doucement. Ils sont chaleureux et amicaux et s'ouvriront au fur et \u00e0 mesure que vous apprendrez \u00e0 les conna\u00eetre. Bien qu'ils aient tendance \u00e0 aller droit au but, les Az\u00e9ris poseront toujours des questions sur votre famille et votre sant\u00e9 en premier. c'est parce que la famille est une partie tr\u00e8s importante de la structure sociale azerba\u00efdjanaise, m\u00eame au 21e si\u00e8cle. Les a\u00een\u00e9s sont respect\u00e9s pour leur sagesse et leur exp\u00e9rience et les femmes sont trait\u00e9es avec bravoure. Cela dit, la structure familiale est encore tr\u00e8s traditionnelle, les hommes soutenant la famille et les femmes s'occupant de la maison, bien que ce ne soit pas n\u00e9cessairement le cas dans la  ville cosmopolite de Bakou. Bien qu'ils soient des gens amicaux et de bonne humeur, il y a certaines choses que les Azerba\u00efdjanais ont tendance \u00e0 \u00e9viter dans la conversation. Le pays est en grande partie un \u00c9tat agnostique et non religieux, m\u00eame si 95 % de la population est officiellement musulmane chiite ; par cons\u00e9quent, la religion a tendance \u00e0 \u00eatre une affaire priv\u00e9e et l'affichage ouvert de la foi est mal vu.<\/p>\n\n\t\t<\/div>\n\t<\/div>\n\t<\/div>\n<\/div><h6 class=\"qodef-accordion-title\">\n\t<span class=\"qodef-accordion-mark\">\n\t\t<span class=\"qodef_icon_plus icon_plus\"><\/span>\n\t\t<span class=\"qodef_icon_minus icon_minus-06\"><\/span>\n\t<\/span>\n\t<span class=\"qodef-tab-title\">COVID-19 ET VOYAGES<\/span>\n<\/h6>\n<div class=\"qodef-accordion-content\">\n\t<div class=\"qodef-accordion-content-inner\">\n\t\t\n\t<div class=\"wpb_text_column wpb_content_element\" >\n\t\t<div class=\"wpb_wrapper\">\n\t\t\t<p>Pour les restrictions  COVID-19 et de conseils, veuillez visiter le <a href=\"https:\/\/azerbaijan.travel\/covid-19-en\" target=\"_blank\" rel=\"noopener\">site officiel<\/a>.<\/p>\n\n\t\t<\/div>\n\t<\/div>\n\t<\/div>\n<\/div><\/div><div class=\"vc_empty_space\"   style=\"height: 32px\"><span class=\"vc_empty_space_inner\"><\/span><\/div><div class=\"vc_empty_space\"   style=\"height: 44px\"><span class=\"vc_empty_space_inner\"><\/span><\/div><\/div><\/div><\/div><div class=\"wpb_column vc_column_container vc_col-sm-12 vc_col-lg-offset-0 vc_col-lg-3 vc_col-md-offset-0 vc_col-md-12 vc_col-sm-offset-0 vc_col-xs-12\"><div class=\"vc_column-inner\"><div class=\"wpb_wrapper\"><div  class=\"wpb_widgetised_column wpb_content_element\">\n\t\t<div class=\"wpb_wrapper\">\n\t\t\t\n\t\t\t<div class=\"widget qodef-separator-widget\"><div class=\"qodef-separator-holder clearfix  qodef-separator-center qodef-separator-normal\">\n\t<div class=\"qodef-separator\" style=\"border-style: solid;border-bottom-width: 5px\"><\/div>\n<\/div>\n<\/div>            <div class=\"widget qodef-contact-form-7-widget\" >\n\t\t\t\t\t\t\t\t\n<div class=\"wpcf7 no-js\" id=\"wpcf7-f7410-o1\" lang=\"en-US\" dir=\"ltr\" data-wpcf7-id=\"7410\">\n<div class=\"screen-reader-response\"><p role=\"status\" aria-live=\"polite\" aria-atomic=\"true\"><\/p> <ul><\/ul><\/div>\n<form action=\"\/fr\/wp-json\/wp\/v2\/pages\/5659#wpcf7-f7410-o1\" method=\"post\" class=\"wpcf7-form init cf7_custom_style_1\" aria-label=\"Contact form\" novalidate=\"novalidate\" data-status=\"init\" data-trp-original-action=\"\/fr\/wp-json\/wp\/v2\/pages\/5659#wpcf7-f7410-o1\">\n<fieldset class=\"hidden-fields-container\"><input type=\"hidden\" name=\"_wpcf7\" value=\"7410\" \/><input type=\"hidden\" name=\"_wpcf7_version\" value=\"6.1.5\" \/><input type=\"hidden\" name=\"_wpcf7_locale\" value=\"en_US\" \/><input type=\"hidden\" name=\"_wpcf7_unit_tag\" value=\"wpcf7-f7410-o1\" \/><input type=\"hidden\" name=\"_wpcf7_container_post\" value=\"0\" \/><input type=\"hidden\" name=\"_wpcf7_posted_data_hash\" value=\"\" \/>\n<\/fieldset>\n<div class=\"qodef-custom-nlf-sidearea\">\n\t<h4 class=\"qodef-custom-nlf-title\">Covid-19 et voyages\n\t<\/h4>\n\t<p><span class=\"qodef-custom-nlf-text\">En raison de la pand\u00e9mie mondiale de la situation, les conditions de voyage changent r\u00e9guli\u00e8rement. Veuillez nous contacter pour obtenir des informations d\u00e9taill\u00e9es.<\/span>\n\t<\/p>\n\t<div class=\"qodef-grid-row qodef-grid-normal-gutter\">\n\t\t<div>\n\t\t\t<p><span class=\"qodef-newsletter-icon qodef-newsletter-name-icon icon_profile\"><\/span><span class=\"wpcf7-form-control-wrap\" data-name=\"your-name\"><input size=\"40\" maxlength=\"400\" class=\"wpcf7-form-control wpcf7-text wpcf7-validates-as-required\" aria-required=\"true\" aria-invalid=\"false\" placeholder=\"Nom\" value=\"\" type=\"text\" name=\"your-name\" \/><\/span>\n\t\t\t<\/p>\n\t\t<\/div>\n\t\t<div>\n\t\t\t<p><span class=\"qodef-newsletter-icon qodef-newsletter-email-icon icon_mail_alt\"><\/span><span class=\"wpcf7-form-control-wrap\" data-name=\"your-email\"><input size=\"40\" maxlength=\"400\" class=\"wpcf7-form-control wpcf7-email wpcf7-validates-as-required wpcf7-text wpcf7-validates-as-email\" aria-required=\"true\" aria-invalid=\"false\" placeholder=\"E-mail\" value=\"\" type=\"email\" name=\"your-email\" \/><\/span>\n\t\t\t<\/p>\n\t\t<\/div>\n\t<\/div>\n\t<p><input class=\"wpcf7-form-control wpcf7-submit has-spinner\" type=\"submit\" value=\"Envoyer\" \/>\n\t<\/p>\n<\/div><input type='hidden' class='wpcf7-pum' value='{\"closepopup\":false,\"closedelay\":0,\"openpopup\":false,\"openpopup_id\":0}' \/><div class=\"wpcf7-response-output\" aria-hidden=\"true\"><\/div>\n<input type=\"hidden\" name=\"trp-form-language\" value=\"fr\"\/><\/form>\n<\/div>\n            <\/div>\n\t\t\t<div class=\"widget qodef-separator-widget\"><div class=\"qodef-separator-holder clearfix  qodef-separator-center qodef-separator-normal\">\n\t<div class=\"qodef-separator\" style=\"border-style: solid\"><\/div>\n<\/div>\n<\/div><div class=\"widget qodef-social-icons-group-widget qodef-circle-icons text-align-left\"><div class=\"qodef-widget-title-holder\"><h5 class=\"qodef-widget-title\">Suivez-Nous<\/h5><\/div>\t\t\t\t                    <a class=\"qodef-social-icon-widget-holder qodef-icon-has-hover\"  style=\"margin: 17px 2px 0px 0;\"                       href=\"https:\/\/www.facebook.com\/PROMETHEA-Voyages-118792424898333\/\" target=\"_blank\">\n\t\t\t\t\t\t<span class=\"qodef-social-icon-widget fab fa-facebook-f\"><\/span>                    <\/a>\n\t\t\t\t\t\t\t\t                    <a class=\"qodef-social-icon-widget-holder qodef-icon-has-hover\"  style=\"margin: 17px 2px 0px 0;\"                       href=\"https:\/\/www.instagram.com\/promethea.voyages\" target=\"_blank\">\n\t\t\t\t\t\t<span class=\"qodef-social-icon-widget fab fa-instagram\"><\/span>                    <\/a>\n\t\t\t\t\t\t\t\t                    <a class=\"qodef-social-icon-widget-holder qodef-icon-has-hover\"  style=\"margin: 17px 2px 0px 0;\"                       href=\"https:\/\/ge.linkedin.com\/company\/promethea-voyages?trk=public_profile_topcard-current-co\" target=\"_blank\">\n\t\t\t\t\t\t<span class=\"qodef-social-icon-widget fab fa-linkedin\"><\/span>                    <\/a>\n\t\t\t\t\t\t\t\t\t\t\t\t\t\t\t\t<\/div>\n\t\t<\/div>\n\t<\/div>\n<div class=\"vc_empty_space\"   style=\"height: 44px\"><span class=\"vc_empty_space_inner\"><\/span><\/div><\/div><\/div><\/div><\/div><\/div><\/div>","protected":false},"excerpt":{"rendered":"Useful information for Azerbaijan HOW TO ARRIVE There are many ways to come to Azerbaijan: by airplane, by car, by train or by boat. 1. FLY There are 3 international airports in Azerbaijan: Heydar Aliyev International Airport Ganja International Airport [...]","protected":false},"author":1,"featured_media":0,"parent":0,"menu_order":0,"comment_status":"closed","ping_status":"closed","template":"full-width.php","meta":{"footnotes":""},"class_list":["post-5659","page","type-page","status-publish","hentry"],"_links":{"self":[{"href":"https:\/\/caucasus.promethea-voyages.com\/fr\/wp-json\/wp\/v2\/pages\/5659","targetHints":{"allow":["GET"]}}],"collection":[{"href":"https:\/\/caucasus.promethea-voyages.com\/fr\/wp-json\/wp\/v2\/pages"}],"about":[{"href":"https:\/\/caucasus.promethea-voyages.com\/fr\/wp-json\/wp\/v2\/types\/page"}],"author":[{"embeddable":true,"href":"https:\/\/caucasus.promethea-voyages.com\/fr\/wp-json\/wp\/v2\/users\/1"}],"replies":[{"embeddable":true,"href":"https:\/\/caucasus.promethea-voyages.com\/fr\/wp-json\/wp\/v2\/comments?post=5659"}],"version-history":[{"count":0,"href":"https:\/\/caucasus.promethea-voyages.com\/fr\/wp-json\/wp\/v2\/pages\/5659\/revisions"}],"wp:attachment":[{"href":"https:\/\/caucasus.promethea-voyages.com\/fr\/wp-json\/wp\/v2\/media?parent=5659"}],"curies":[{"name":"wp","href":"https:\/\/api.w.org\/{rel}","templated":true}]}}