{"id":5657,"date":"2022-03-29T21:34:26","date_gmt":"2022-03-29T21:34:26","guid":{"rendered":"http:\/\/promethea-voyages.com.mocha3037.mochahost.com\/?page_id=5657"},"modified":"2022-11-21T14:41:38","modified_gmt":"2022-11-21T10:41:38","slug":"useful-information-armenia","status":"publish","type":"page","link":"https:\/\/caucasus.promethea-voyages.com\/fr\/useful-information-armenia\/","title":{"rendered":"Informations utiles pour l&#039;Arm\u00e9nie"},"content":{"rendered":"<div class=\"qodef-row-grid-section-wrapper\"  ><div class=\"qodef-row-grid-section\"><div class=\"vc_row wpb_row vc_row-fluid vc_custom_1539262338798 vc_row-o-equal-height vc_row-o-content-top vc_row-flex\" ><div class=\"wpb_column vc_column_container vc_col-sm-12 vc_col-lg-offset-0 vc_col-lg-9 vc_col-md-offset-0 vc_col-md-12 vc_col-sm-offset-0 vc_col-xs-12\"><div class=\"vc_column-inner vc_custom_1538140991253\"><div class=\"wpb_wrapper\"><div class=\"vc_row wpb_row vc_inner vc_row-fluid\" ><div class=\"wpb_column vc_column_container vc_col-sm-12 vc_col-lg-offset-0 vc_col-lg-10\"><div class=\"vc_column-inner\"><div class=\"wpb_wrapper\">\n\t<div class=\"wpb_text_column wpb_content_element\" >\n\t\t<div class=\"wpb_wrapper\">\n\t\t\t<h3>Informations utiles pour l&#039;Arm\u00e9nie<\/h3>\n\n\t\t<\/div>\n\t<\/div>\n<div class=\"vc_empty_space\"   style=\"height: 53px\"><span class=\"vc_empty_space_inner\"><\/span><\/div><\/div><\/div><\/div><\/div><div class=\"qodef-accordion-holder qodef-ac-default  qodef-toggle qodef-ac-boxed  clearfix\">\n\t<h6 class=\"qodef-accordion-title\">\n\t<span class=\"qodef-accordion-mark\">\n\t\t<span class=\"qodef_icon_plus icon_plus\"><\/span>\n\t\t<span class=\"qodef_icon_minus icon_minus-06\"><\/span>\n\t<\/span>\n\t<span class=\"qodef-tab-title\">COMMENT ARRIVER<\/span>\n<\/h6>\n<div class=\"qodef-accordion-content\">\n\t<div class=\"qodef-accordion-content-inner\">\n\t\t\n\t<div class=\"wpb_text_column wpb_content_element\" >\n\t\t<div class=\"wpb_wrapper\">\n\t\t\t<p>Il existe de nombreuses fa\u00e7ons de venir \u00e0 l&#039;Arm\u00e9nie: en avion, en voiture ou en train.<\/p>\n<p><b>1.Vols<\/b><\/p>\n<p><u>\u00a0<a href=\"http:\/\/www.zvartnots.aero\/\" target=\"_blank\" rel=\"noopener\" data-cke-saved-href=\"http:\/\/www.zvartnots.aero\/\">L'A\u00e9roport International d'Erevan \u201cZvartnots\u201d<\/a><\/u> est situ\u00e9 \u00e0 15 km du centre-ville d'Erevan, capitale de l'Arm\u00e9nie. Il y a des vols directs depuis de nombreuses villes du monde entier vers Erevan :<\/p>\n<p><strong>Aegean Airlines \u00e0 partir de Ath\u00e8nes, <\/strong>Qatar Airways depuis Doha, Ukraine International Airlines \u00e0 partir de Kiev, la compagnie a\u00e9rienne russe Aeroflot de Moscou, d&#039;Air France en provenance de Paris, Austrian Airlines en provenance de Vienne, LOT Polish Airlines \u00e0 partir de Varsovie, Georgian Airlines \u00e0 partir de Tbilissi, Brussels Airlines de Bruxelles.<\/p>\n<p>Au sujet de votre horaire de vol ou de r\u00e9servation de billets d&#039;avion, n&#039;h\u00e9sitez pas \u00e0 nous contacter.<\/p>\n<p><b>2. TRAIN<\/b><\/p>\n<p>Il est possible d'entrer en Arm\u00e9nie en train de la <b>G\u00e9orgie<\/b>.<\/p>\n<p>&nbsp;<\/p>\n<p>Erevan (Arm\u00e9nie) \u2013 Tbilissi (G\u00e9orgie) \u2013 les jours impairs \u2013 21:30-07:50<\/p>\n<p>Tbilissi (G\u00e9orgie) \u2013 Erevan (Arm\u00e9nie) \u2013 les  jours  pairs \u2013 20:20-06:55<\/p>\n<p>Erevan (Arm\u00e9nie) \u2013 Batumi (G\u00e9orgie) \/ Batumi (G\u00e9orgie) \u2013 Erevan (Arm\u00e9nie) (saisonniers, \u00e0 v\u00e9rifier avant de partir)<\/p>\n<p>&nbsp;<\/p>\n<p>Les horaire des trains ne sont pas garantis, ils peuvent changer. N'h\u00e9sitez pas \u00e0 nous contacter pour toute question relative aux horaires de votre train ou la r\u00e9servation de vos billets.<\/p>\n<p><b>3. VOITURE<\/b><\/p>\n<p>Vous pouvez venir \u00e0 l'Arm\u00e9nie en voiture\/autocar  des pays voisins \u00e0 traverser les fronti\u00e8res:<\/p>\n<p>&nbsp;<\/p>\n<p><strong><u>\u00c0 Partir de la  G\u00e9orgie<\/u><\/strong><\/p>\n<p>Fronti\u00e8re Bagratashen\/Sadakhlo (85 km de Tbilissi et \u00e0 225 km d&#039;Erevan)<\/p>\n<p>Fronti\u00e8re Bavra\/Ninotsminda (335 km de Tbilissi et de 175 km d&#039;Erevan)<\/p>\n<p>&nbsp;<\/p>\n<p><strong><u>\u00c0 Partir De L&#039;Iran<\/u><\/strong><\/p>\n<p>Fronti\u00e8re Nordooz\/Agarak (3850 km d&#039;Erevan et de 760 km de T\u00e9h\u00e9ran)<\/p>\n<p>N'h\u00e9sitez pas \u00e0 nous contacter pour toute question relative aux entr\u00e9es, sorties et d\u00e9placements.<\/p>\n\n\t\t<\/div>\n\t<\/div>\n\t<\/div>\n<\/div><h6 class=\"qodef-accordion-title\">\n\t<span class=\"qodef-accordion-mark\">\n\t\t<span class=\"qodef_icon_plus icon_plus\"><\/span>\n\t\t<span class=\"qodef_icon_minus icon_minus-06\"><\/span>\n\t<\/span>\n\t<span class=\"qodef-tab-title\">FORMALIT\u00c9 D&#039;ENTR\u00c9E \/ VISA<\/span>\n<\/h6>\n<div class=\"qodef-accordion-content\">\n\t<div class=\"qodef-accordion-content-inner\">\n\t\t\n\t<div class=\"wpb_text_column wpb_content_element\" >\n\t\t<div class=\"wpb_wrapper\">\n\t\t\t<p><b><u>Visa Gratuit<\/u><\/b><\/p>\n<p><b>Les citoyens de l'Union Europ\u00e9enne et de certains autres pays  n'ont pas besoin de visa pour entrer en Arm\u00e9nie. <\/b>Cependant, v\u00e9rifiez que votre passeport est valide pour au moins 3 mois apr\u00e8s votre date de retour:<\/p>\n<ul>\n<li>Liste des <u><a href=\"https:\/\/www.mfa.am\/filemanager\/consular\/visa\/visafreelisteng2.pdf\" target=\"_blank\" rel=\"noopener\" data-cke-saved-href=\"https:\/\/www.mfa.am\/filemanager\/consular\/visa\/visafreelisteng2.pdf\">pays<\/a><\/u>\u00a0 dont les ressortissants sont unilat\u00e9ralement exempt\u00e9s de l&#039;obligation de l&#039;obtention d&#039;un visa.<\/li>\n<li>Liste des <u><a href=\"https:\/\/www.mfa.am\/filemanager\/consular\/visa\/whoneedvisa_eng.pdf\" target=\"_blank\" rel=\"noopener\" data-cke-saved-href=\"https:\/\/www.mfa.am\/filemanager\/consular\/visa\/whoneedvisa_eng.pdf\">pays<\/a><\/u> avec qui l&#039;Arm\u00e9nie dispose d&#039;un r\u00e9gime d&#039;exemption de visa selon les accords bilat\u00e9raux et multilat\u00e9raux.<\/li>\n<\/ul>\n<p><b><u>Un Visa est requis<\/u><\/b><\/p>\n<p>Pour les citoyens des autres pays, il est possible de prendre le Visa \u00e0 l&#039;arriv\u00e9e en Arm\u00e9nie ou obtenir eVisa <u><a href=\"https:\/\/evisa.mfa.am\/\" target=\"_blank\" rel=\"noopener\" data-cke-saved-href=\"https:\/\/evisa.mfa.am\/\">en ligne<\/a><\/u>. Nous sommes \u00e0 votre disposition pour vous aider dans vos efforts.<\/p>\n<ul>\n<li><u><a href=\"https:\/\/www.mfa.am\/filemanager\/consular\/visa\/uppon_arival_eng.pdf\" target=\"_blank\" rel=\"noopener\" data-cke-saved-href=\"https:\/\/www.mfa.am\/filemanager\/consular\/visa\/uppon_arival_eng.pdf\">Liste<\/a><\/u><strong>\u00a0<\/strong>des pays dont les citoyens peuvent obtenir le visa  \u00e0 l'arriv\u00e9e en Arm\u00e9nie.<\/li>\n<\/ul>\n<p>Pour plus d&#039;informations, veuillez visiter <u><a href=\"https:\/\/www.mfa.am\/en\/visa\/\" target=\"_blank\" rel=\"noopener\" data-cke-saved-href=\"https:\/\/www.mfa.am\/en\/visa\/\">Visa site officiel<\/a><\/u>.<\/p>\n\n\t\t<\/div>\n\t<\/div>\n\t<\/div>\n<\/div><h6 class=\"qodef-accordion-title\">\n\t<span class=\"qodef-accordion-mark\">\n\t\t<span class=\"qodef_icon_plus icon_plus\"><\/span>\n\t\t<span class=\"qodef_icon_minus icon_minus-06\"><\/span>\n\t<\/span>\n\t<span class=\"qodef-tab-title\">SANT\u00c9<\/span>\n<\/h6>\n<div class=\"qodef-accordion-content\">\n\t<div class=\"qodef-accordion-content-inner\">\n\t\t\n\t<div class=\"wpb_text_column wpb_content_element\" >\n\t\t<div class=\"wpb_wrapper\">\n\t\t\t<p><strong>Les vaccinations<\/strong><br \/>\nIl n'y a pas de vaccines obligatoires pour l'Arm\u00e9nie.<br \/>\nPour les vaccinations recommand\u00e9es, visitez <a href=\"https:\/\/www.pasteur.fr\/fr\/centre-medical\/preparer-son-voyage\/armenie\" target=\"_blank\" rel=\"noopener\" data-cke-saved-href=\"https:\/\/www.pasteur.fr\/fr\/centre-medical\/preparer-son-voyage\/armenie\">la page web de l'Institut Pasteur<\/a>.<\/p>\n<p><strong>Service m\u00e9dical d&#039;urgence: 911 ou le 112<\/strong><\/p>\n\n\t\t<\/div>\n\t<\/div>\n\t<\/div>\n<\/div><h6 class=\"qodef-accordion-title\">\n\t<span class=\"qodef-accordion-mark\">\n\t\t<span class=\"qodef_icon_plus icon_plus\"><\/span>\n\t\t<span class=\"qodef_icon_minus icon_minus-06\"><\/span>\n\t<\/span>\n\t<span class=\"qodef-tab-title\">FINANCES<\/span>\n<\/h6>\n<div class=\"qodef-accordion-content\">\n\t<div class=\"qodef-accordion-content-inner\">\n\t\t\n\t<div class=\"wpb_text_column wpb_content_element\" >\n\t\t<div class=\"wpb_wrapper\">\n\t\t\t<p><strong>Taux de change<\/strong><br \/>\n1 AMD (Dram arm\u00e9nien) = 100 Luma<br \/>\n1 EURO = 575 AMD (27\/10\/2020)<br \/>\n1 USD = 490 AMD (27\/10\/2020)<\/p>\n<p>V\u00e9rifier le taux de change officiiel<a href=\"http:\/\/rate.am\/en\/armenian-dram-exchange-rates\/banks\/non-cash\" target=\"_blank\" rel=\"noopener\" data-cke-saved-href=\"http:\/\/rate.am\/en\/armenian-dram-exchange-rates\/banks\/non-cash\"> ici<\/a>.<\/p>\n<p><strong>L&#039;\u00e9change<\/strong><br \/>\nIl est tr\u00e8s facile de changer la monnaie, dans de nombreux bureaux de change situ\u00e9s dans les grandes villes.<br \/>\nAttention : n'apportez que des billets en bon \u00e9tat, sinon ils peuvent \u00eatre refus\u00e9s.<br \/>\nIl existe \u00e9galement de nombreux distributeurs dans lesquels vous pouvez directement retirer de l'argent.<br \/>\nLes bureaux de change sont ouverts 24h \/ 7j dans les a\u00e9roports.<\/p>\n<p><strong>Les banques<\/strong><br \/>\nLes banques fonctionnent en Arm\u00e9nie \u00e0 partir de lundi \u00e0 vendredi de 10:00 \u00e0 18:00 et samedi de 10:00 \u00e0 14:00. Chaque banque a au moins un  bureau qui fonctionne 24 heures \/ 7 jours. T\u00e9l\u00e9phone\/consultation en ligne est possible aussi 24\/7.<\/p>\n\n\t\t<\/div>\n\t<\/div>\n\t<\/div>\n<\/div><h6 class=\"qodef-accordion-title\">\n\t<span class=\"qodef-accordion-mark\">\n\t\t<span class=\"qodef_icon_plus icon_plus\"><\/span>\n\t\t<span class=\"qodef_icon_minus icon_minus-06\"><\/span>\n\t<\/span>\n\t<span class=\"qodef-tab-title\">FUSEAU HORAIRE et JOURS FERIES<\/span>\n<\/h6>\n<div class=\"qodef-accordion-content\">\n\t<div class=\"qodef-accordion-content-inner\">\n\t\t\n\t<div class=\"wpb_text_column wpb_content_element\" >\n\t\t<div class=\"wpb_wrapper\">\n\t\t\t<p>L&#039;arm\u00e9nie est dans le GMT zone + 4h.<\/p>\n<p>Par rapport \u00e0 l'Europe, il existe une diff\u00e9rence de + 2 heures ou +3 heures en fonction de la p\u00e9riode de l'ann\u00e9e, car en Arm\u00e9nie, il n'y a pas de changement d'heure.<\/p>\n<div>\n<table class=\"cke_show_border\" title=\"\" summary=\"\">\n<tbody>\n<tr>\n<td>J<\/td>\n<td>F<\/td>\n<td>M<\/td>\n<td>Un<\/td>\n<td>M<\/td>\n<td>J<\/td>\n<td>J<\/td>\n<td>Un<\/td>\n<td>S<\/td>\n<td>O<\/td>\n<td>N<\/td>\n<td>D<\/td>\n<\/tr>\n<tr>\n<td colspan=\"3\" rowspan=\"1\">\u00a0+3<\/td>\n<td colspan=\"7\" rowspan=\"1\">\n<p lang=\"fr\">\u00a0+2<\/p>\n<\/td>\n<td colspan=\"2\" rowspan=\"1\">\n<p lang=\"fr\">\u00a0+3<\/p>\n<\/td>\n<\/tr>\n<\/tbody>\n<\/table>\n<\/div>\n<p><strong>Heures d'ouverture:<\/strong><\/p>\n<p>Les heures officielles de travail en Arm\u00e9nie sont \u00e0 partir de 10:00 \u00e0 18:00, du lundi au vendredi.<\/p>\n<p><strong>Jours f\u00e9ri\u00e9s:<\/strong><\/p>\n<ul>\n<li><strong>1er janvier-4<\/strong> \u2013 Le Jour de l&#039;An<\/li>\n<li><strong>Le 6 janvier <\/strong>\u2013 No\u00ebl Orthodoxe<\/li>\n<li><strong>Le 28 janvier<\/strong> \u2013 Journ\u00e9e de l'arm\u00e9e Nationale<\/li>\n<li><strong>Le 8 mars <\/strong>\u2013 Journ\u00e9e internationale des droits des femmes<\/li>\n<li><strong>Le 24 avril<\/strong> \u2013 Le jour m\u00e9morial du g\u00e9nocide<\/li>\n<li><strong>1er mai<\/strong> \u2013 La F\u00eate du travail<\/li>\n<li><strong>Le 9 mai<\/strong> \u2013 Le Jour de la Victoire<\/li>\n<li><strong>Le 28 mai<\/strong> \u2013 Le jour de la Premi\u00e8re R\u00e9publique<\/li>\n<li><strong>5 juillet<\/strong> \u2013 Le Jour de da Constitution<\/li>\n<li><strong>Le 21 septembre <\/strong>\u2013 Le Jour de l'Ind\u00e9pendance<\/li>\n<\/ul>\n\n\t\t<\/div>\n\t<\/div>\n\t<\/div>\n<\/div><h6 class=\"qodef-accordion-title\">\n\t<span class=\"qodef-accordion-mark\">\n\t\t<span class=\"qodef_icon_plus icon_plus\"><\/span>\n\t\t<span class=\"qodef_icon_minus icon_minus-06\"><\/span>\n\t<\/span>\n\t<span class=\"qodef-tab-title\">COMMUNICATION<\/span>\n<\/h6>\n<div class=\"qodef-accordion-content\">\n\t<div class=\"qodef-accordion-content-inner\">\n\t\t\n\t<div class=\"wpb_text_column wpb_content_element\" >\n\t\t<div class=\"wpb_wrapper\">\n\t\t\t<p><strong>Appels d&#039;urgence: 911 ou le 112<\/strong><\/p>\n<p><strong>Les appels t\u00e9l\u00e9phoniques<\/strong><br \/>\n<strong>\u00c0 l'appel \u00e0 l'Arm\u00e9nie depuis l'\u00e9tranger:<\/strong><br \/>\n1 \u2013 composez le code du pays +374<br \/>\n2 \u2013 composez l&#039;indicatif de la ville (10 pour Erevan, par exemple) ou de l&#039;op\u00e9rateur de t\u00e9l\u00e9phonie mobile (93 ou 98 pour Vivacel, 91 pour Beeline, 55 pour Orange, etc.)<br \/>\n3 \u2013 composez les 6 num\u00e9ros de votre correspondant<\/p>\n<p><strong>Code des Grandes Villes en Arm\u00e9nie :<\/strong><\/p>\n<ul>\n<li>Erevan 10<\/li>\n<li>Gyumri 41<\/li>\n<li>Vanadzor 51<\/li>\n<li>Etchmiadzine 31<\/li>\n<li>Goris 84<\/li>\n<li>Idjevan 63<\/li>\n<li>Dilidjan 680<\/li>\n<li>Alaverdi 53<\/li>\n<li>Yeregnadzor 281<\/li>\n<li>Stepanakert 47<\/li>\n<\/ul>\n<p><strong>Pour appeler \u00e0 l&#039;\u00e9tranger \u00e0 partir de l&#039;Arm\u00e9nie:<\/strong><\/p>\n<p>1 \u2013 composez le num\u00e9ro pour les appels internationaux (00)<br \/>\n2 \u2013 composez le code du pays (33 pour la France, par exemple)<\/p>\n<p><strong>Internet<\/strong><\/p>\n<p>Dans les h\u00f4tels et restaurants, il y a toujours de l&#039;internet avec la connexion de bon niveau.<\/p>\n<p>Le domaine des pays est .am.<\/p>\n\n\t\t<\/div>\n\t<\/div>\n\t<\/div>\n<\/div><h6 class=\"qodef-accordion-title\">\n\t<span class=\"qodef-accordion-mark\">\n\t\t<span class=\"qodef_icon_plus icon_plus\"><\/span>\n\t\t<span class=\"qodef_icon_minus icon_minus-06\"><\/span>\n\t<\/span>\n\t<span class=\"qodef-tab-title\">LANGUES<\/span>\n<\/h6>\n<div class=\"qodef-accordion-content\">\n\t<div class=\"qodef-accordion-content-inner\">\n\t\t\n\t<div class=\"wpb_text_column wpb_content_element\" >\n\t\t<div class=\"wpb_wrapper\">\n\t\t\t<p>La langue officielle de l&#039;Arm\u00e9nie est l&#039;arm\u00e9nien. Le russe est largement parl\u00e9e dans le pays. L&#039;anglais et le fran\u00e7ais sont les langues avec une pr\u00e9sence significative.<\/p>\n\n\t\t<\/div>\n\t<\/div>\n\t<\/div>\n<\/div><h6 class=\"qodef-accordion-title\">\n\t<span class=\"qodef-accordion-mark\">\n\t\t<span class=\"qodef_icon_plus icon_plus\"><\/span>\n\t\t<span class=\"qodef_icon_minus icon_minus-06\"><\/span>\n\t<\/span>\n\t<span class=\"qodef-tab-title\">POPULATION LOCALE<\/span>\n<\/h6>\n<div class=\"qodef-accordion-content\">\n\t<div class=\"qodef-accordion-content-inner\">\n\t\t\n\t<div class=\"wpb_text_column wpb_content_element\" >\n\t\t<div class=\"wpb_wrapper\">\n\t\t\t<p><strong>D\u00e9mographie<\/strong><\/p>\n<p>Total de la population de l&#039;Arm\u00e9nie est 2,965,061 (2020).<br \/>\nIci, plusieurs \u00e9thniques coexistent. La majorit\u00e9 sont des arm\u00e9niens (98.1%), suivie par Yazides (1.2%), Kurdes (0.1%), les Russes (0,4%) et autres (0.2%) (2011).<\/p>\n<p><strong>La Religion<\/strong><\/p>\n<p>Aujourd'hui, environ 94% des Arm\u00e9niens rejoignent l'\u00c9glise Apostolique arm\u00e9nienne.<\/p>\n\n\t\t<\/div>\n\t<\/div>\n\t<\/div>\n<\/div><h6 class=\"qodef-accordion-title\">\n\t<span class=\"qodef-accordion-mark\">\n\t\t<span class=\"qodef_icon_plus icon_plus\"><\/span>\n\t\t<span class=\"qodef_icon_minus icon_minus-06\"><\/span>\n\t<\/span>\n\t<span class=\"qodef-tab-title\">COVID-19 ET VOYAGES<\/span>\n<\/h6>\n<div class=\"qodef-accordion-content\">\n\t<div class=\"qodef-accordion-content-inner\">\n\t\t\n\t<div class=\"wpb_text_column wpb_content_element\" >\n\t\t<div class=\"wpb_wrapper\">\n\t\t\t<p>Les passagers ne sont PAS PLUS TENUS de pr\u00e9senter un test  de PCR COVID-19  ou un Certificat de vaccination complet contre COVID-19 pour entrer dans la R\u00e9publique d'Arm\u00e9nie.<\/p>\n<p>Pour les \u00e9trangers, l&#039;entr\u00e9e de la R\u00e9publique d&#039;Arm\u00e9nie reste ouvert \u00e0 la fois par l&#039;air et des fronti\u00e8res terrestres.<\/p>\n<p>Pour plus d&#039;informations, veuillez visiter le <a href=\"https:\/\/www.gov.am\/en\/covid-travel-restrictions\/\" target=\"_blank\" rel=\"noopener\">site officiel<\/a>.<\/p>\n<p>&nbsp;<\/p>\n<p>.<\/p>\n\n\t\t<\/div>\n\t<\/div>\n\t<\/div>\n<\/div><\/div><div class=\"vc_empty_space\"   style=\"height: 44px\"><span class=\"vc_empty_space_inner\"><\/span><\/div><\/div><\/div><\/div><div class=\"wpb_column vc_column_container vc_col-sm-12 vc_col-lg-offset-0 vc_col-lg-3 vc_col-md-offset-0 vc_col-md-12 vc_col-sm-offset-0 vc_col-xs-12\"><div class=\"vc_column-inner\"><div class=\"wpb_wrapper\"><div  class=\"wpb_widgetised_column wpb_content_element\">\n\t\t<div class=\"wpb_wrapper\">\n\t\t\t\n\t\t\t<div class=\"widget qodef-separator-widget\"><div class=\"qodef-separator-holder clearfix  qodef-separator-center qodef-separator-normal\">\n\t<div class=\"qodef-separator\" style=\"border-style: solid;border-bottom-width: 5px\"><\/div>\n<\/div>\n<\/div>            <div class=\"widget qodef-contact-form-7-widget\" >\n\t\t\t\t\t\t\t\t\n<div class=\"wpcf7 no-js\" id=\"wpcf7-f7410-o1\" lang=\"en-US\" dir=\"ltr\" data-wpcf7-id=\"7410\">\n<div class=\"screen-reader-response\"><p role=\"status\" aria-live=\"polite\" aria-atomic=\"true\"><\/p> <ul><\/ul><\/div>\n<form action=\"\/fr\/wp-json\/wp\/v2\/pages\/5657#wpcf7-f7410-o1\" method=\"post\" class=\"wpcf7-form init cf7_custom_style_1\" aria-label=\"Contact form\" novalidate=\"novalidate\" data-status=\"init\" data-trp-original-action=\"\/fr\/wp-json\/wp\/v2\/pages\/5657#wpcf7-f7410-o1\">\n<fieldset class=\"hidden-fields-container\"><input type=\"hidden\" name=\"_wpcf7\" value=\"7410\" \/><input type=\"hidden\" name=\"_wpcf7_version\" value=\"6.1.5\" \/><input type=\"hidden\" name=\"_wpcf7_locale\" value=\"en_US\" \/><input type=\"hidden\" name=\"_wpcf7_unit_tag\" value=\"wpcf7-f7410-o1\" \/><input type=\"hidden\" name=\"_wpcf7_container_post\" value=\"0\" \/><input type=\"hidden\" name=\"_wpcf7_posted_data_hash\" value=\"\" \/>\n<\/fieldset>\n<div class=\"qodef-custom-nlf-sidearea\">\n\t<h4 class=\"qodef-custom-nlf-title\">Covid-19 et voyages\n\t<\/h4>\n\t<p><span class=\"qodef-custom-nlf-text\">En raison de la pand\u00e9mie mondiale de la situation, les conditions de voyage changent r\u00e9guli\u00e8rement. Veuillez nous contacter pour obtenir des informations d\u00e9taill\u00e9es.<\/span>\n\t<\/p>\n\t<div class=\"qodef-grid-row qodef-grid-normal-gutter\">\n\t\t<div>\n\t\t\t<p><span class=\"qodef-newsletter-icon qodef-newsletter-name-icon icon_profile\"><\/span><span class=\"wpcf7-form-control-wrap\" data-name=\"your-name\"><input size=\"40\" maxlength=\"400\" class=\"wpcf7-form-control wpcf7-text wpcf7-validates-as-required\" aria-required=\"true\" aria-invalid=\"false\" placeholder=\"Nom\" value=\"\" type=\"text\" name=\"your-name\" \/><\/span>\n\t\t\t<\/p>\n\t\t<\/div>\n\t\t<div>\n\t\t\t<p><span class=\"qodef-newsletter-icon qodef-newsletter-email-icon icon_mail_alt\"><\/span><span class=\"wpcf7-form-control-wrap\" data-name=\"your-email\"><input size=\"40\" maxlength=\"400\" class=\"wpcf7-form-control wpcf7-email wpcf7-validates-as-required wpcf7-text wpcf7-validates-as-email\" aria-required=\"true\" aria-invalid=\"false\" placeholder=\"E-mail\" value=\"\" type=\"email\" name=\"your-email\" \/><\/span>\n\t\t\t<\/p>\n\t\t<\/div>\n\t<\/div>\n\t<p><input class=\"wpcf7-form-control wpcf7-submit has-spinner\" type=\"submit\" value=\"Envoyer\" \/>\n\t<\/p>\n<\/div><input type='hidden' class='wpcf7-pum' value='{\"closepopup\":false,\"closedelay\":0,\"openpopup\":false,\"openpopup_id\":0}' \/><div class=\"wpcf7-response-output\" aria-hidden=\"true\"><\/div>\n<input type=\"hidden\" name=\"trp-form-language\" value=\"fr\"\/><\/form>\n<\/div>\n            <\/div>\n\t\t\t<div class=\"widget qodef-separator-widget\"><div class=\"qodef-separator-holder clearfix  qodef-separator-center qodef-separator-normal\">\n\t<div class=\"qodef-separator\" style=\"border-style: solid\"><\/div>\n<\/div>\n<\/div><div class=\"widget qodef-social-icons-group-widget qodef-circle-icons text-align-left\"><div class=\"qodef-widget-title-holder\"><h5 class=\"qodef-widget-title\">Suivez-Nous<\/h5><\/div>\t\t\t\t                    <a class=\"qodef-social-icon-widget-holder qodef-icon-has-hover\"  style=\"margin: 17px 2px 0px 0;\"                       href=\"https:\/\/www.facebook.com\/PROMETHEA-Voyages-118792424898333\/\" target=\"_blank\">\n\t\t\t\t\t\t<span class=\"qodef-social-icon-widget fab fa-facebook-f\"><\/span>                    <\/a>\n\t\t\t\t\t\t\t\t                    <a class=\"qodef-social-icon-widget-holder qodef-icon-has-hover\"  style=\"margin: 17px 2px 0px 0;\"                       href=\"https:\/\/www.instagram.com\/promethea.voyages\" target=\"_blank\">\n\t\t\t\t\t\t<span class=\"qodef-social-icon-widget fab fa-instagram\"><\/span>                    <\/a>\n\t\t\t\t\t\t\t\t                    <a class=\"qodef-social-icon-widget-holder qodef-icon-has-hover\"  style=\"margin: 17px 2px 0px 0;\"                       href=\"https:\/\/ge.linkedin.com\/company\/promethea-voyages?trk=public_profile_topcard-current-co\" target=\"_blank\">\n\t\t\t\t\t\t<span class=\"qodef-social-icon-widget fab fa-linkedin\"><\/span>                    <\/a>\n\t\t\t\t\t\t\t\t\t\t\t\t\t\t\t\t<\/div>\n\t\t<\/div>\n\t<\/div>\n<div class=\"vc_empty_space\"   style=\"height: 44px\"><span class=\"vc_empty_space_inner\"><\/span><\/div><\/div><\/div><\/div><\/div><\/div><\/div>","protected":false},"excerpt":{"rendered":"Useful information for Armenia HOW TO ARRIVE There are many ways to come to Armenia: by airplane, by car or by train. 1. FLY \u00a0\u201cZvartnots\u201d International Airport of Yerevan is located from 15km from the city center of Yerevan, capital [...]","protected":false},"author":1,"featured_media":0,"parent":0,"menu_order":0,"comment_status":"closed","ping_status":"closed","template":"full-width.php","meta":{"footnotes":""},"class_list":["post-5657","page","type-page","status-publish","hentry"],"_links":{"self":[{"href":"https:\/\/caucasus.promethea-voyages.com\/fr\/wp-json\/wp\/v2\/pages\/5657","targetHints":{"allow":["GET"]}}],"collection":[{"href":"https:\/\/caucasus.promethea-voyages.com\/fr\/wp-json\/wp\/v2\/pages"}],"about":[{"href":"https:\/\/caucasus.promethea-voyages.com\/fr\/wp-json\/wp\/v2\/types\/page"}],"author":[{"embeddable":true,"href":"https:\/\/caucasus.promethea-voyages.com\/fr\/wp-json\/wp\/v2\/users\/1"}],"replies":[{"embeddable":true,"href":"https:\/\/caucasus.promethea-voyages.com\/fr\/wp-json\/wp\/v2\/comments?post=5657"}],"version-history":[{"count":0,"href":"https:\/\/caucasus.promethea-voyages.com\/fr\/wp-json\/wp\/v2\/pages\/5657\/revisions"}],"wp:attachment":[{"href":"https:\/\/caucasus.promethea-voyages.com\/fr\/wp-json\/wp\/v2\/media?parent=5657"}],"curies":[{"name":"wp","href":"https:\/\/api.w.org\/{rel}","templated":true}]}}